{"id":1842,"date":"2015-10-14T11:41:31","date_gmt":"2015-10-14T09:41:31","guid":{"rendered":"http:\/\/www.campodicarlo.it\/?page_id=1842"},"modified":"2019-10-01T16:05:13","modified_gmt":"2019-10-01T14:05:13","slug":"dem-bauernhof-hundefreundliche","status":"publish","type":"page","link":"https:\/\/www.campodicarlo.it\/de\/dem-bauernhof-hundefreundliche\/","title":{"rendered":"Dem Bauernhof Hundefreundliche"},"content":{"rendered":"<p>[vc_row css=&#8220;.vc_custom_1569938703615{padding-bottom: 0px !important;}&#8220;][vc_column width=&#8220;1\/2&#8243;][vc_gallery images=&#8220;1809,1986,1987,1988,1989&#8243; img_size=&#8220;medium&#8220; columns=&#8220;3&#8243;][\/vc_column][vc_column width=&#8220;1\/2&#8243;][vc_column_text]Auf der Suche nach einem Hund freundliches Bed and Breakfast in der Toskana? Sie planen einen Urlaub in der Toskana mit dem Hund, um mit ihm auch sch\u00f6ner verbringen Sie Ihre Momente der Erholung und Entspannung? Toskana ist voll von M\u00f6glichkeiten f\u00fcr diejenigen, die mit ihren eigenen treuen Vierbeiner zu reisen. Unsere Bereiche werden durch Felder, H\u00fcgel und die K\u00fcste, wo Sie Ihre Zeit verbringen zu tun Wanderungen, Trekking oder Wandern gekennzeichnet. Sind ein gro\u00dfartiger Ort f\u00fcr Ihren Hund, werden Sie die Freir\u00e4ume weg vom Verkehr der Stadt zu sch\u00e4tzen wissen. In unserer Region finden Sie viele hundefreundliche Einrichtungen: Gesch\u00e4fte, Restaurants, Clubs und Str\u00e4nde offen f\u00fcr Hunde, so dass er mit Ihnen teilen das Vergn\u00fcgen, einen sch\u00f6nen Urlaub. Campo di Carlo ist Ihr Hund freundlich Bed and Breakfast in der Toskana, wo Ihr Freund ist willkommen, nicht nur im Sommer, sondern das ganze Jahr \u00fcberIn, bezug auf unsere G\u00e4ste m\u00fcssen Hunde immer an der Leine sein und von ihren Besitzern kontrolliert werden.[\/vc_column_text][\/vc_column][\/vc_row][vc_row css=&#8220;.vc_custom_1569938710169{padding-top: 0px !important;}&#8220;][vc_column width=&#8220;1\/4&#8243;][\/vc_column][vc_column width=&#8220;1\/2&#8243;][vc_column_text]<\/p>\n<h3 style=\"text-align: center;\">Neuer Hundebereich in Campo di Carlo!<\/h3>\n<p>[\/vc_column_text][vc_column_text]<\/p>\n<p>&nbsp;<\/p>\n\n\t\t<!-- MasterSlider -->\n\t\t<div id=\"P_MS69f6cbf80fb8b\" class=\"master-slider-parent master-slider-gallery   ms-parent-id-0\"  >\n\t\t\t\t\n\t\t\t\n\t\t\t<!-- MasterSlider Main -->\n\t\t\t<div id=\"MS69f6cbf80fb8b\" class=\"master-slider ms-skin-default\" >\n\t\t\t\t \t\t\t\t \n\t\t\t\t<div  class=\"ms-slide\" data-delay=\"3\"   >\n\t<a href=\"https:\/\/www.campodicarlo.it\/de\/dem-bauernhof-hundefreundliche\/dog-area-2-2\/\" target=\"_self\"    ><\/a>\n\n\n\t\t\t\t<\/div>\n\t\t\t\t<div  class=\"ms-slide\" data-delay=\"3\"   >\n\t<a href=\"https:\/\/www.campodicarlo.it\/de\/dem-bauernhof-hundefreundliche\/dog-area-2\/\" target=\"_self\"    ><\/a>\n\n\n\t\t\t\t<\/div>\n\n\t\t\t<\/div>\n\t\t\t<!-- END MasterSlider Main -->\n\n\t\t\t \n\t\t<\/div>\n\t\t<!-- END MasterSlider --> \n\t\t\n\t\t<script>\n\t\t(function ( $ ) {\n\t\t\t\"use strict\";\n\n\t\t\t$(function () {\n\t\t\t\tvar masterslider_fb8b = new MasterSlider();\n\n\t\t\t\t\/\/ slider controls\n\t\t\t\tmasterslider_fb8b.control('arrows'     ,{ autohide:true, overVideo:true  });                    \n\t\t\t\t\/\/ slider setup\n\t\t\t\tmasterslider_fb8b.setup(\"MS69f6cbf80fb8b\", {\n\t\t\t\t\t\twidth           : 960,\n\t\t\t\t\t\theight          : 540,\n\t\t\t\t\t\tspace           : 0,\n\t\t\t\t\t\tstart           : 1,\n\t\t\t\t\t\tgrabCursor      : true,\n\t\t\t\t\t\tswipe           : true,\n\t\t\t\t\t\tmouse           : true,\n\t\t\t\t\t\tkeyboard        : false,\n\t\t\t\t\t\tlayout          : \"fillwidth\", \n\t\t\t\t\t\twheel           : false,\n\t\t\t\t\t\tautoplay        : true,\n\t\t\t\t\t\tinstantStartLayers:false,\n\t\t\t\t\t\tloop            : true,\n\t\t\t\t\t\tshuffle         : false,\n\t\t\t\t\t\tpreload         : 3,\n\t\t\t\t\t\theightLimit     : false,\n\t\t\t\t\t\tautoHeight      : true,\n\t\t\t\t\t\tsmoothHeight    : true,\n\t\t\t\t\t\tendPause        : false,\n\t\t\t\t\t\toverPause       : false,\n\t\t\t\t\t\tfillMode        : \"fill\", \n\t\t\t\t\t\tcenterControls  : true,\n\t\t\t\t\t\tlayersMode      : \"center\", \n\t\t\t\t\t\thideLayers      : false, \n\t\t\t\t\t\tfullscreenMargin: 0,\n\t\t\t\t\t\tspeed           : 17, \n\t\t\t\t\t\tdir             : \"h\", \n\t\t\t\t\t\tparallaxMode    : 'swipe',\n\t\t\t\t\t\tview            : \"basic\"\n\t\t\t\t});\n\t\t\t\t\n\n\t\t\t\t\n\t\t\t\twindow.masterslider_instances = window.masterslider_instances || [];\n\t\t\t\twindow.masterslider_instances.push( masterslider_fb8b );\n\t\t\t });\n\t\t\t\n\t\t})(jQuery);\n\t\t<\/script> \n\t\t\n\n<p>[\/vc_column_text][\/vc_column][vc_column width=&#8220;1\/4&#8243;][\/vc_column][\/vc_row][vc_row parallax=&#8220;yes&#8220; css=&#8220;.vc_custom_1442410108803{background-image: url(http:\/\/www.campodicarlo.it\/wp-content\/uploads\/2014\/09\/sfondo8.jpg) !important;background-position: center !important;background-repeat: no-repeat !important;background-size: cover !important;}&#8220; parallax_ratio=&#8220;0.5&#8243; el_class=&#8220;text-center&#8220;][vc_column css=&#8220;.vc_custom_1410859538423{padding: 5.6rem !important;background-color: rgba(255,255,255,0.85) !important;*background-color: rgb(255,255,255) !important;}&#8220;][vc_column_text]<h2 class=\"text-center\"><small>Entdecken Sie die Umgebung und was ist auf der Farm.<\/small>WAS IST ZU TUN<\/h2><div class=\"services-carousel  owl-with-navigation\" id=\"services_carousel_0\"><div class='item'><a href=\"\/de\/sassetta\/\" class=\"link-image\" title=\"Sassetta\"><img width=\"600\" height=\"400\" src=\"https:\/\/www.campodicarlo.it\/wp-content\/uploads\/2014\/09\/box1.jpg\" class=\"attachment-large size-large\" alt=\"\" loading=\"lazy\" srcset=\"https:\/\/www.campodicarlo.it\/wp-content\/uploads\/2014\/09\/box1.jpg 600w, https:\/\/www.campodicarlo.it\/wp-content\/uploads\/2014\/09\/box1-300x200.jpg 300w\" sizes=\"(max-width: 600px) 100vw, 600px\" \/><\/a><div class=\"item-content\"><h4><a href=\"\/de\/sassetta\/\">Sassetta<\/a><\/h4><p>Sassetta ist ein kleines Dorf umgeben von W\u00e4ldern von Kastanienb\u00e4umen, in dem Sie charmante Wege zu finden, umgeben.<\/p><\/div><\/div><div class='item'><a href=\"\/de\/weinstrasse-der-etrusker-kueste\/\" class=\"link-image\" title=\"Etruskerk\u00fcste\"><img width=\"600\" height=\"400\" src=\"https:\/\/www.campodicarlo.it\/wp-content\/uploads\/2014\/09\/box2.jpg\" class=\"attachment-large size-large\" alt=\"\" loading=\"lazy\" srcset=\"https:\/\/www.campodicarlo.it\/wp-content\/uploads\/2014\/09\/box2.jpg 600w, https:\/\/www.campodicarlo.it\/wp-content\/uploads\/2014\/09\/box2-300x200.jpg 300w\" sizes=\"(max-width: 600px) 100vw, 600px\" \/><\/a><div class=\"item-content\"><h4><a href=\"\/de\/weinstrasse-der-etrusker-kueste\/\">Etruskerk\u00fcste<\/a><\/h4><p>Das Meer vor der K\u00fcste der Etrusker hat mit den blauen Flaggen der Europ\u00e4ischen Union ausgezeichnet.<\/p><\/div><\/div><div class='item'><a href=\"\/de\/baratti\/\" class=\"link-image\" title=\"Baratti\"><img width=\"600\" height=\"400\" src=\"https:\/\/www.campodicarlo.it\/wp-content\/uploads\/2014\/09\/box3.jpg\" class=\"attachment-large size-large\" alt=\"\" loading=\"lazy\" srcset=\"https:\/\/www.campodicarlo.it\/wp-content\/uploads\/2014\/09\/box3.jpg 600w, https:\/\/www.campodicarlo.it\/wp-content\/uploads\/2014\/09\/box3-300x200.jpg 300w\" sizes=\"(max-width: 600px) 100vw, 600px\" \/><\/a><div class=\"item-content\"><h4><a href=\"\/de\/baratti\/\">Baratti<\/a><\/h4><p>J\u00fcngste Ausgrabungen der Akropolis, kann durch einen Spaziergang im Mittelmeer besucht werden.<\/p><\/div><\/div><div class='item'><a href=\"\/de\/die-doerfer-der-toskana\/\" class=\"link-image\" title=\"Borghi Toscani\"><img width=\"600\" height=\"400\" src=\"https:\/\/www.campodicarlo.it\/wp-content\/uploads\/2014\/09\/box4.jpg\" class=\"attachment-large size-large\" alt=\"\" loading=\"lazy\" srcset=\"https:\/\/www.campodicarlo.it\/wp-content\/uploads\/2014\/09\/box4.jpg 600w, https:\/\/www.campodicarlo.it\/wp-content\/uploads\/2014\/09\/box4-300x200.jpg 300w\" sizes=\"(max-width: 600px) 100vw, 600px\" \/><\/a><div class=\"item-content\"><h4><a href=\"\/de\/die-doerfer-der-toskana\/\">Borghi Toscani<\/a><\/h4><p>Sassetta, Bolgheri, Castagneto, Populonia, Suvereto und Campiglia Marittima faszinieren.<\/p><\/div><\/div><div class='item'><a href=\"\/de\/weinstrasse-der-etrusker-kueste\/\" class=\"link-image\" title=\"Wein und Essen Routen\"><img width=\"600\" height=\"400\" src=\"https:\/\/www.campodicarlo.it\/wp-content\/uploads\/2014\/09\/box5.jpg\" class=\"attachment-large size-large\" alt=\"\" loading=\"lazy\" srcset=\"https:\/\/www.campodicarlo.it\/wp-content\/uploads\/2014\/09\/box5.jpg 600w, https:\/\/www.campodicarlo.it\/wp-content\/uploads\/2014\/09\/box5-300x200.jpg 300w\" sizes=\"(max-width: 600px) 100vw, 600px\" \/><\/a><div class=\"item-content\"><h4><a href=\"\/de\/weinstrasse-der-etrusker-kueste\/\">Wein und Essen Routen<\/a><\/h4><p>Neben der Sch\u00f6nheit der Toskana, der Geschmack und der Geruch von Aromen.<\/p><\/div><\/div><div class='item'><a href=\"\/de\/sassetta\/\" class=\"link-image\" title=\"Spa und Wellness\"><img width=\"600\" height=\"400\" src=\"https:\/\/www.campodicarlo.it\/wp-content\/uploads\/2014\/09\/box6.jpg\" class=\"attachment-large size-large\" alt=\"\" loading=\"lazy\" srcset=\"https:\/\/www.campodicarlo.it\/wp-content\/uploads\/2014\/09\/box6.jpg 600w, https:\/\/www.campodicarlo.it\/wp-content\/uploads\/2014\/09\/box6-300x200.jpg 300w\" sizes=\"(max-width: 600px) 100vw, 600px\" \/><\/a><div class=\"item-content\"><h4><a href=\"\/de\/sassetta\/\">Spa und Wellness<\/a><\/h4><p>Nicht weit von uns sind die Thermen von Calidario Venturina mit Thermalsee und Spa. <\/p><\/div><\/div><div class='item'><a href=\"\/de\/fahrradtourismus\/\" class=\"link-image\" title=\"Fahrradurlaub\"><img width=\"600\" height=\"400\" src=\"https:\/\/www.campodicarlo.it\/wp-content\/uploads\/2014\/09\/box7.jpg\" class=\"attachment-large size-large\" alt=\"\" loading=\"lazy\" srcset=\"https:\/\/www.campodicarlo.it\/wp-content\/uploads\/2014\/09\/box7.jpg 600w, https:\/\/www.campodicarlo.it\/wp-content\/uploads\/2014\/09\/box7-300x200.jpg 300w\" sizes=\"(max-width: 600px) 100vw, 600px\" \/><\/a><div class=\"item-content\"><h4><a href=\"\/de\/fahrradtourismus\/\">Fahrradurlaub<\/a><\/h4><p>Am Campo Carlo werden Karten mit Routen, Schwierigkeitsgraden 'und Kilometer zu finden<\/p><\/div><\/div><\/div><script type='text\/javascript'>( function( $ ) {\n\t\t\t\t\t\t\n\t\t\t\t$( document ).ready(function() {\n\t\t\t\t    $('#services_carousel_0').owlCarousel({\n\t\t\t\t    \titems\t\t\t\t: 4,\n\t\t\t\t    \tmargin\t\t\t\t: 20,\n\t\t\t\t    \tnav\t\t\t\t\t: true,\n\t\t\t\t    \tnavText\t\t\t\t: [\"Next\",\"Prev\"],\n\t\t\t\t    \tloop \t\t\t\t: false,\n\t\t\t\t    \tautoplay \t\t\t: true,\n\t\t\t\t    \tautoplayTimeout\t\t: 2000,\n\t\t\t\t    \tautoplayHoverPause\t: false,\n\t\t\t\t    \tresponsive\t\t\t: {\n\t\t\t\t    \t\t0 : {\n\t\t\t\t    \t\t\titems \t: 1,\n\t\t\t\t    \t\t\tdots\t: false,\n\t\t\t\t    \t\t\tnav\t\t: true\n\t\t\t\t    \t\t},\n\t\t\t\t    \t\t767 : {\n\t\t\t\t    \t\t\titems \t: 2,\n\t\t\t\t    \t\t\tdots\t: false\n\t\t\t\t    \t\t},\n\t\t\t\t    \t\t992 : {\n\t\t\t\t    \t\t\titems \t: 4,\n\t\t\t\t    \t\t\tdots\t: false\n\t\t\t\t    \t\t}\n\t\t\t\t    \t}\n\t\t\t\t    });\n\t\t\t\t});\n\t\t\t\t\t\t\n\t\t\t} )( jQuery );<\/script><\/p>\n<p>[\/vc_column_text][\/vc_column][\/vc_row]<\/p>\n","protected":false},"excerpt":{"rendered":"<p>[vc_row css=&#8220;.vc_custom_1569938703615{padding-bottom: 0px !important;}&#8220;][vc_column width=&#8220;1\/2&#8243;][vc_gallery images=&#8220;1809,1986,1987,1988,1989&#8243; img_size=&#8220;medium&#8220; columns=&#8220;3&#8243;][\/vc_column][vc_column width=&#8220;1\/2&#8243;][vc_column_text]Auf der Suche nach einem Hund freundliches Bed and Breakfast in der [&hellip;]<\/p>\n","protected":false},"author":1,"featured_media":0,"parent":0,"menu_order":0,"comment_status":"closed","ping_status":"closed","template":"page-templates\/page-fullwidth.php","meta":{"_expiration-date-status":"saved","_expiration-date":0,"_expiration-date-type":"","_expiration-date-categories":[],"_expiration-date-options":[]},"yoast_head":"<!-- This site is optimized with the Yoast SEO plugin v19.9 - https:\/\/yoast.com\/wordpress\/plugins\/seo\/ -->\n<title>Dem Bauernhof Hundefreundliche<\/title>\n<meta name=\"description\" content=\"Auf der Suche nach einem Hund freundliches Bed and Breakfast in der Toskana? Sie planen einen Urlaub in der Toskana mit dem Hund, um mit ihm auch sch\u00f6ner\" \/>\n<meta name=\"robots\" content=\"index, follow, max-snippet:-1, max-image-preview:large, max-video-preview:-1\" \/>\n<link rel=\"canonical\" href=\"https:\/\/www.campodicarlo.it\/de\/dem-bauernhof-hundefreundliche\/\" \/>\n<meta property=\"og:locale\" content=\"de_DE\" \/>\n<meta property=\"og:type\" content=\"article\" \/>\n<meta property=\"og:title\" content=\"Dem Bauernhof Hundefreundliche\" \/>\n<meta property=\"og:description\" content=\"Auf der Suche nach einem Hund freundliches Bed and Breakfast in der Toskana? Sie planen einen Urlaub in der Toskana mit dem Hund, um mit ihm auch sch\u00f6ner\" \/>\n<meta property=\"og:url\" content=\"https:\/\/www.campodicarlo.it\/de\/dem-bauernhof-hundefreundliche\/\" \/>\n<meta property=\"og:site_name\" content=\"Campo di Carlo\" \/>\n<meta property=\"article:publisher\" content=\"https:\/\/www.facebook.com\/cristina.c.carlo\/\" \/>\n<meta property=\"article:modified_time\" content=\"2019-10-01T14:05:13+00:00\" \/>\n<meta name=\"twitter:card\" content=\"summary_large_image\" \/>\n<meta name=\"twitter:label1\" content=\"Gesch\u00e4tzte Lesezeit\" \/>\n\t<meta name=\"twitter:data1\" content=\"3\u00a0Minuten\" \/>\n<script type=\"application\/ld+json\" class=\"yoast-schema-graph\">{\"@context\":\"https:\/\/schema.org\",\"@graph\":[{\"@type\":\"WebPage\",\"@id\":\"https:\/\/www.campodicarlo.it\/de\/dem-bauernhof-hundefreundliche\/\",\"url\":\"https:\/\/www.campodicarlo.it\/de\/dem-bauernhof-hundefreundliche\/\",\"name\":\"Dem Bauernhof Hundefreundliche\",\"isPartOf\":{\"@id\":\"https:\/\/www.campodicarlo.it\/de\/#website\"},\"datePublished\":\"2015-10-14T09:41:31+00:00\",\"dateModified\":\"2019-10-01T14:05:13+00:00\",\"description\":\"Auf der Suche nach einem Hund freundliches Bed and Breakfast in der Toskana? Sie planen einen Urlaub in der Toskana mit dem Hund, um mit ihm auch sch\u00f6ner\",\"breadcrumb\":{\"@id\":\"https:\/\/www.campodicarlo.it\/de\/dem-bauernhof-hundefreundliche\/#breadcrumb\"},\"inLanguage\":\"de\",\"potentialAction\":[{\"@type\":\"ReadAction\",\"target\":[\"https:\/\/www.campodicarlo.it\/de\/dem-bauernhof-hundefreundliche\/\"]}]},{\"@type\":\"BreadcrumbList\",\"@id\":\"https:\/\/www.campodicarlo.it\/de\/dem-bauernhof-hundefreundliche\/#breadcrumb\",\"itemListElement\":[{\"@type\":\"ListItem\",\"position\":1,\"name\":\"Home\",\"item\":\"https:\/\/www.campodicarlo.it\/de\/\"},{\"@type\":\"ListItem\",\"position\":2,\"name\":\"Dem Bauernhof Hundefreundliche\"}]},{\"@type\":\"WebSite\",\"@id\":\"https:\/\/www.campodicarlo.it\/de\/#website\",\"url\":\"https:\/\/www.campodicarlo.it\/de\/\",\"name\":\"Campo di Carlo\",\"description\":\"\",\"potentialAction\":[{\"@type\":\"SearchAction\",\"target\":{\"@type\":\"EntryPoint\",\"urlTemplate\":\"https:\/\/www.campodicarlo.it\/de\/?s={search_term_string}\"},\"query-input\":\"required name=search_term_string\"}],\"inLanguage\":\"de\"}]}<\/script>\n<!-- \/ Yoast SEO plugin. -->","yoast_head_json":{"title":"Dem Bauernhof Hundefreundliche","description":"Auf der Suche nach einem Hund freundliches Bed and Breakfast in der Toskana? Sie planen einen Urlaub in der Toskana mit dem Hund, um mit ihm auch sch\u00f6ner","robots":{"index":"index","follow":"follow","max-snippet":"max-snippet:-1","max-image-preview":"max-image-preview:large","max-video-preview":"max-video-preview:-1"},"canonical":"https:\/\/www.campodicarlo.it\/de\/dem-bauernhof-hundefreundliche\/","og_locale":"de_DE","og_type":"article","og_title":"Dem Bauernhof Hundefreundliche","og_description":"Auf der Suche nach einem Hund freundliches Bed and Breakfast in der Toskana? Sie planen einen Urlaub in der Toskana mit dem Hund, um mit ihm auch sch\u00f6ner","og_url":"https:\/\/www.campodicarlo.it\/de\/dem-bauernhof-hundefreundliche\/","og_site_name":"Campo di Carlo","article_publisher":"https:\/\/www.facebook.com\/cristina.c.carlo\/","article_modified_time":"2019-10-01T14:05:13+00:00","twitter_card":"summary_large_image","twitter_misc":{"Gesch\u00e4tzte Lesezeit":"3\u00a0Minuten"},"schema":{"@context":"https:\/\/schema.org","@graph":[{"@type":"WebPage","@id":"https:\/\/www.campodicarlo.it\/de\/dem-bauernhof-hundefreundliche\/","url":"https:\/\/www.campodicarlo.it\/de\/dem-bauernhof-hundefreundliche\/","name":"Dem Bauernhof Hundefreundliche","isPartOf":{"@id":"https:\/\/www.campodicarlo.it\/de\/#website"},"datePublished":"2015-10-14T09:41:31+00:00","dateModified":"2019-10-01T14:05:13+00:00","description":"Auf der Suche nach einem Hund freundliches Bed and Breakfast in der Toskana? Sie planen einen Urlaub in der Toskana mit dem Hund, um mit ihm auch sch\u00f6ner","breadcrumb":{"@id":"https:\/\/www.campodicarlo.it\/de\/dem-bauernhof-hundefreundliche\/#breadcrumb"},"inLanguage":"de","potentialAction":[{"@type":"ReadAction","target":["https:\/\/www.campodicarlo.it\/de\/dem-bauernhof-hundefreundliche\/"]}]},{"@type":"BreadcrumbList","@id":"https:\/\/www.campodicarlo.it\/de\/dem-bauernhof-hundefreundliche\/#breadcrumb","itemListElement":[{"@type":"ListItem","position":1,"name":"Home","item":"https:\/\/www.campodicarlo.it\/de\/"},{"@type":"ListItem","position":2,"name":"Dem Bauernhof Hundefreundliche"}]},{"@type":"WebSite","@id":"https:\/\/www.campodicarlo.it\/de\/#website","url":"https:\/\/www.campodicarlo.it\/de\/","name":"Campo di Carlo","description":"","potentialAction":[{"@type":"SearchAction","target":{"@type":"EntryPoint","urlTemplate":"https:\/\/www.campodicarlo.it\/de\/?s={search_term_string}"},"query-input":"required name=search_term_string"}],"inLanguage":"de"}]}},"_links":{"self":[{"href":"https:\/\/www.campodicarlo.it\/de\/wp-json\/wp\/v2\/pages\/1842"}],"collection":[{"href":"https:\/\/www.campodicarlo.it\/de\/wp-json\/wp\/v2\/pages"}],"about":[{"href":"https:\/\/www.campodicarlo.it\/de\/wp-json\/wp\/v2\/types\/page"}],"author":[{"embeddable":true,"href":"https:\/\/www.campodicarlo.it\/de\/wp-json\/wp\/v2\/users\/1"}],"replies":[{"embeddable":true,"href":"https:\/\/www.campodicarlo.it\/de\/wp-json\/wp\/v2\/comments?post=1842"}],"version-history":[{"count":0,"href":"https:\/\/www.campodicarlo.it\/de\/wp-json\/wp\/v2\/pages\/1842\/revisions"}],"wp:attachment":[{"href":"https:\/\/www.campodicarlo.it\/de\/wp-json\/wp\/v2\/media?parent=1842"}],"curies":[{"name":"wp","href":"https:\/\/api.w.org\/{rel}","templated":true}]}}