{"id":1844,"date":"2015-10-14T11:44:51","date_gmt":"2015-10-14T09:44:51","guid":{"rendered":"http:\/\/www.campodicarlo.it\/?page_id=1844"},"modified":"2015-11-05T10:06:53","modified_gmt":"2015-11-05T09:06:53","slug":"toskana-ferien-fahrrad","status":"publish","type":"page","link":"https:\/\/www.campodicarlo.it\/de\/toskana-ferien-fahrrad\/","title":{"rendered":"Ferien in der Toskana Meer"},"content":{"rendered":"<p>[vc_row][vc_column width=&#8220;1\/2&#8243;][vc_gallery images=&#8220;1786,1787,1788,1973,1974,1975,1976,2076,2077,2078&#8243; onclick=&#8220;link_image&#8220; custom_links_target=&#8220;_self&#8220; columns=&#8220;2&#8243; img_size=&#8220;medium&#8220;][\/vc_column][vc_column width=&#8220;1\/2&#8243;][vc_column_text]<\/p>\n<p class=\"verdana-12-giustificato\"><strong>Sassetta,<\/strong> das alte, kleine und reizende Dorf an der Costa degli Etruschi, liegt zwischen Misch- und Kastanienw\u00e4ldern auf dem Gipfel eines H\u00fcgels, von dem aus man den Meeresblick genie\u00dfen kann.<br \/>\nIn den gr\u00fcnen W\u00e4ldern der Umgebung, reich an Trekkingpfaden und Wanderwegen, die auch per <strong>Fahrrad<\/strong> oder zu Pferd entdeckt werden k\u00f6nnen, findet der Gast agritouristische Betriebe sowie Verkaufsstellen f\u00fcr die typischen Produkte der Gegend.<\/p>\n<p>In Sassetta, das f\u00fcr seine alten \u00fcberlieferten Traditionen bekannt ist, finden sehr eindrucksvolle folkloristische veranstaltungen statt. Schmackhafte und unverf\u00e4lschte Gerichte sind typisch f\u00fcr die Gastronomie von Sassetta, die im Herbst auf vielen Festen pr\u00e4sentiert wird.<\/p>\n<p class=\"contenuti-verdana\"><strong><strong>Etrusker Kueste:<\/strong><\/strong> Das klare Meer sowiedie zahlreichen Badeorte wurden wegen der Wasserqualit\u00e4t und den Serviceleistungen mit dem Preis der &#8222;Blauen Fahne&#8220; (Bandiera Blu) der Europ\u00e4ischen Union ausgezeichnet.<br \/>\nHelle Sandstr\u00e4nde, wie die Carbonifera und Baratti\u00a0 und mit den vom Wind gemei\u00dfelten Felsen, dort wo der Meeresboden tief und fischreich ist\u00a0 (Buca delle fate perfect fuer Snorkeling: 40 Minuten\u00a0 zu fuss). Weite Str\u00e4nde aus feinstem, hellem Sand und sauber Meer. Der dichte und schattige Pinienwald (Parco di Rimigliano) erstreckt sich bis zum Meer und ist reich an Wander-, Trekking- und Reitwegen<\/p>\n<p class=\"contenuti-verdana\"><strong><strong>Arch\u00e4ologie:<\/strong><\/strong> Etruskische Ansiedlungen am Meer, wie der arch\u00e4ologische Park von Baratti-Populonia, Museen mit einer Vielfalt an Fundst\u00fccken aus der Zeit der Villanova-Kultur, der Etrusker und der R\u00f6mer, wie die Museen in Piombino, sind Zeugnisse f\u00fcr den Stellenwert der Geschichte an der Costa degli Etruschi. Im Bergbaupark von San Silvestro (in Campiglia Marittima) kann man die verschiedenen Phasen der Metallverarbeitung von der Zeit der Etrusker bis ins Mittelalter nachvollziehen<\/p>\n<p class=\"contenuti-verdana\"><strong><strong>Kuecke und Wein:<\/strong><\/strong> Die gastronomische Tradition der Costa degli Etruschi ist in der ganzen Welt f\u00fcr seine Reichhaltigkeit und Vielseitigkeit der angebotenen Gerichte bekannt. Der t\u00e4glich frisch gefangene Fisch ist der Hauptdarsteller zahlloser geschmackvoller Gerichte: vom typischen Cacciucco alla livornese (Fischsuppe livorneser Art) bis zum schwarzen Risotto mit Tintenfischen, von Zahn- und Goldbrassen, Tintenfischen, Krustentieren bis zu den in letzter Zeit wiederentdeckten, mit Hingebung gewissenhaft zubereiteten Blaufischen.<br \/>\nIm Landesinneren ist jedoch Fleisch Protagonist der Kochkunst, wie z.B. das Rindfleisch der wertvollen Rasse \u201cChianina\u201d und Wild, insbesondere Wildschwein. Alle Gerichte werden von Gem\u00fcse begleitet. Typische regionale Produkte sind K\u00e4se, Honig, Brot, Backwaren, Pfannkuchen aus Kichererbsenmehl und der \u201clivornesische Punsch\u201d.<br \/>\nAn der Weinstra\u00dfe der Costa degli Etruschi liegen die Weinanbaugebiete der DOC Bolgheri, Val di Cornia und Bibbona, wo weltber\u00fchmte Weine wie der Sassicaia und der Ornellaia entstehen. Auch das Oliven\u00f6l ist ein hervorragendes Erzeugnis. In Campo di Carlo Konventionen fuer Terme und Restaurants (Fix Menu\u2019 29.00 euro)<\/p>\n<p class=\"verdana-12-giustificato\"><strong><strong>kurorte und wohlbefinden: <\/strong><\/strong>In Venturina stehen die Thermen des Valle del Sole (sulfat-, kalzium-, magnesium- und natronhaltige Thermalquellen) und die des Calidario f\u00fcr Behandlungen, Kuren und psychisch-physisches Wohlbefinden zur Verf\u00fcgung.<\/p>\n<p>Die bereits zu etruskisch-r\u00f6mischer Zeit bekannten Thermen des Valle del Sole sind heute ein gut ausgestattetes Wellnesscenter mit einer nat\u00fcrlichen Quelle, dessen Wassertemperatur 36\u00b0C betr\u00e4gt<br \/>\nFuer unsere Gaste 5% Rabatt fuer \u201cIl Calidario\u201d Therme<\/p>\n<p class=\"verdana-12-giustificato\"><strong><strong>Kindern:<\/strong><\/strong> bei uns \u00a0Rabatt fuer \u201cIl Cavallino Matto\u201d Spielen Park in Marina di Castagneto<\/p>\n<p class=\"verdana-12-giustificato\"><strong><strong>Fahrrad<\/strong><\/strong> Wochen \u2013 <strong><strong>Fahrrad<\/strong><\/strong> Ferien: Konventionen fuer Restaurants, Speziell Karten von Strasse (mit Km und Schwierigkeit), Zimmer fuer <strong><strong>Fahrrad<\/strong><\/strong><\/p>\n<p>[\/vc_column_text][\/vc_column][\/vc_row][vc_row css=&#8220;.vc_custom_1442410108803{background-image: url(http:\/\/www.campodicarlo.it\/wp-content\/uploads\/2014\/09\/sfondo8.jpg) !important;background-position: center !important;background-repeat: no-repeat !important;background-size: cover !important;}&#8220; parallax=&#8220;yes&#8220; parallax_ratio=&#8220;0.5&#8243; el_class=&#8220;text-center&#8220; parallax_layers=&#8220;&#8220; style_images=&#8220;&#8220;][vc_column width=&#8220;1\/1&#8243; css=&#8220;.vc_custom_1410859538423{padding: 5.6rem !important;background-color: rgba(255,255,255,0.85) !important;*background-color: rgb(255,255,255) !important;}&#8220;][vc_column_text]<\/p>\n<h2 class=\"text-center\"><small>Entdecken Sie die Umgebung und was ist auf der Farm.<\/small>WAS IST ZU TUN<\/h2><div class=\"services-carousel  owl-with-navigation\" id=\"services_carousel_0\"><div class='item'><a href=\"\/de\/sassetta\/\" class=\"link-image\" title=\"Sassetta\"><img width=\"600\" height=\"400\" src=\"https:\/\/www.campodicarlo.it\/wp-content\/uploads\/2014\/09\/box1.jpg\" class=\"attachment-large size-large\" alt=\"\" loading=\"lazy\" srcset=\"https:\/\/www.campodicarlo.it\/wp-content\/uploads\/2014\/09\/box1.jpg 600w, https:\/\/www.campodicarlo.it\/wp-content\/uploads\/2014\/09\/box1-300x200.jpg 300w\" sizes=\"(max-width: 600px) 100vw, 600px\" \/><\/a><div class=\"item-content\"><h4><a href=\"\/de\/sassetta\/\">Sassetta<\/a><\/h4><p>Sassetta ist ein kleines Dorf umgeben von W\u00e4ldern von Kastanienb\u00e4umen, in dem Sie charmante Wege zu finden, umgeben.<\/p><\/div><\/div><div class='item'><a href=\"\/de\/weinstrasse-der-etrusker-kueste\/\" class=\"link-image\" title=\"Etruskerk\u00fcste\"><img width=\"600\" height=\"400\" src=\"https:\/\/www.campodicarlo.it\/wp-content\/uploads\/2014\/09\/box2.jpg\" class=\"attachment-large size-large\" alt=\"\" loading=\"lazy\" srcset=\"https:\/\/www.campodicarlo.it\/wp-content\/uploads\/2014\/09\/box2.jpg 600w, https:\/\/www.campodicarlo.it\/wp-content\/uploads\/2014\/09\/box2-300x200.jpg 300w\" sizes=\"(max-width: 600px) 100vw, 600px\" \/><\/a><div class=\"item-content\"><h4><a href=\"\/de\/weinstrasse-der-etrusker-kueste\/\">Etruskerk\u00fcste<\/a><\/h4><p>Das Meer vor der K\u00fcste der Etrusker hat mit den blauen Flaggen der Europ\u00e4ischen Union ausgezeichnet.<\/p><\/div><\/div><div class='item'><a href=\"\/de\/baratti\/\" class=\"link-image\" title=\"Baratti\"><img width=\"600\" height=\"400\" src=\"https:\/\/www.campodicarlo.it\/wp-content\/uploads\/2014\/09\/box3.jpg\" class=\"attachment-large size-large\" alt=\"\" loading=\"lazy\" srcset=\"https:\/\/www.campodicarlo.it\/wp-content\/uploads\/2014\/09\/box3.jpg 600w, https:\/\/www.campodicarlo.it\/wp-content\/uploads\/2014\/09\/box3-300x200.jpg 300w\" sizes=\"(max-width: 600px) 100vw, 600px\" \/><\/a><div class=\"item-content\"><h4><a href=\"\/de\/baratti\/\">Baratti<\/a><\/h4><p>J\u00fcngste Ausgrabungen der Akropolis, kann durch einen Spaziergang im Mittelmeer besucht werden.<\/p><\/div><\/div><div class='item'><a href=\"\/de\/die-doerfer-der-toskana\/\" class=\"link-image\" title=\"Borghi Toscani\"><img width=\"600\" height=\"400\" src=\"https:\/\/www.campodicarlo.it\/wp-content\/uploads\/2014\/09\/box4.jpg\" class=\"attachment-large size-large\" alt=\"\" loading=\"lazy\" srcset=\"https:\/\/www.campodicarlo.it\/wp-content\/uploads\/2014\/09\/box4.jpg 600w, https:\/\/www.campodicarlo.it\/wp-content\/uploads\/2014\/09\/box4-300x200.jpg 300w\" sizes=\"(max-width: 600px) 100vw, 600px\" \/><\/a><div class=\"item-content\"><h4><a href=\"\/de\/die-doerfer-der-toskana\/\">Borghi Toscani<\/a><\/h4><p>Sassetta, Bolgheri, Castagneto, Populonia, Suvereto und Campiglia Marittima faszinieren.<\/p><\/div><\/div><div class='item'><a href=\"\/de\/weinstrasse-der-etrusker-kueste\/\" class=\"link-image\" title=\"Wein und Essen Routen\"><img width=\"600\" height=\"400\" src=\"https:\/\/www.campodicarlo.it\/wp-content\/uploads\/2014\/09\/box5.jpg\" class=\"attachment-large size-large\" alt=\"\" loading=\"lazy\" srcset=\"https:\/\/www.campodicarlo.it\/wp-content\/uploads\/2014\/09\/box5.jpg 600w, https:\/\/www.campodicarlo.it\/wp-content\/uploads\/2014\/09\/box5-300x200.jpg 300w\" sizes=\"(max-width: 600px) 100vw, 600px\" \/><\/a><div class=\"item-content\"><h4><a href=\"\/de\/weinstrasse-der-etrusker-kueste\/\">Wein und Essen Routen<\/a><\/h4><p>Neben der Sch\u00f6nheit der Toskana, der Geschmack und der Geruch von Aromen.<\/p><\/div><\/div><div class='item'><a href=\"\/de\/sassetta\/\" class=\"link-image\" title=\"Spa und Wellness\"><img width=\"600\" height=\"400\" src=\"https:\/\/www.campodicarlo.it\/wp-content\/uploads\/2014\/09\/box6.jpg\" class=\"attachment-large size-large\" alt=\"\" loading=\"lazy\" srcset=\"https:\/\/www.campodicarlo.it\/wp-content\/uploads\/2014\/09\/box6.jpg 600w, https:\/\/www.campodicarlo.it\/wp-content\/uploads\/2014\/09\/box6-300x200.jpg 300w\" sizes=\"(max-width: 600px) 100vw, 600px\" \/><\/a><div class=\"item-content\"><h4><a href=\"\/de\/sassetta\/\">Spa und Wellness<\/a><\/h4><p>Nicht weit von uns sind die Thermen von Calidario Venturina mit Thermalsee und Spa. <\/p><\/div><\/div><div class='item'><a href=\"\/de\/fahrradtourismus\/\" class=\"link-image\" title=\"Fahrradurlaub\"><img width=\"600\" height=\"400\" src=\"https:\/\/www.campodicarlo.it\/wp-content\/uploads\/2014\/09\/box7.jpg\" class=\"attachment-large size-large\" alt=\"\" loading=\"lazy\" srcset=\"https:\/\/www.campodicarlo.it\/wp-content\/uploads\/2014\/09\/box7.jpg 600w, https:\/\/www.campodicarlo.it\/wp-content\/uploads\/2014\/09\/box7-300x200.jpg 300w\" sizes=\"(max-width: 600px) 100vw, 600px\" \/><\/a><div class=\"item-content\"><h4><a href=\"\/de\/fahrradtourismus\/\">Fahrradurlaub<\/a><\/h4><p>Am Campo Carlo werden Karten mit Routen, Schwierigkeitsgraden 'und Kilometer zu finden<\/p><\/div><\/div><\/div><script type='text\/javascript'>( function( $ ) {\n\t\t\t\t\t\t\n\t\t\t\t$( document ).ready(function() {\n\t\t\t\t    $('#services_carousel_0').owlCarousel({\n\t\t\t\t    \titems\t\t\t\t: 4,\n\t\t\t\t    \tmargin\t\t\t\t: 20,\n\t\t\t\t    \tnav\t\t\t\t\t: true,\n\t\t\t\t    \tnavText\t\t\t\t: [\"Next\",\"Prev\"],\n\t\t\t\t    \tloop \t\t\t\t: false,\n\t\t\t\t    \tautoplay \t\t\t: true,\n\t\t\t\t    \tautoplayTimeout\t\t: 2000,\n\t\t\t\t    \tautoplayHoverPause\t: false,\n\t\t\t\t    \tresponsive\t\t\t: {\n\t\t\t\t    \t\t0 : {\n\t\t\t\t    \t\t\titems \t: 1,\n\t\t\t\t    \t\t\tdots\t: false,\n\t\t\t\t    \t\t\tnav\t\t: true\n\t\t\t\t    \t\t},\n\t\t\t\t    \t\t767 : {\n\t\t\t\t    \t\t\titems \t: 2,\n\t\t\t\t    \t\t\tdots\t: false\n\t\t\t\t    \t\t},\n\t\t\t\t    \t\t992 : {\n\t\t\t\t    \t\t\titems \t: 4,\n\t\t\t\t    \t\t\tdots\t: false\n\t\t\t\t    \t\t}\n\t\t\t\t    \t}\n\t\t\t\t    });\n\t\t\t\t});\n\t\t\t\t\t\t\n\t\t\t} )( jQuery );<\/script>\n<p>[\/vc_column_text][\/vc_column][\/vc_row]<\/p>\n","protected":false},"excerpt":{"rendered":"<p>[vc_row][vc_column width=&#8220;1\/2&#8243;][vc_gallery images=&#8220;1786,1787,1788,1973,1974,1975,1976,2076,2077,2078&#8243; onclick=&#8220;link_image&#8220; custom_links_target=&#8220;_self&#8220; columns=&#8220;2&#8243; img_size=&#8220;medium&#8220;][\/vc_column][vc_column width=&#8220;1\/2&#8243;][vc_column_text] Sassetta, das alte, kleine und reizende Dorf an der Costa degli Etruschi, [&hellip;]<\/p>\n","protected":false},"author":1,"featured_media":0,"parent":0,"menu_order":0,"comment_status":"closed","ping_status":"closed","template":"page-templates\/page-fullwidth.php","meta":{"_expiration-date-status":"","_expiration-date":0,"_expiration-date-type":"","_expiration-date-categories":[],"_expiration-date-options":[]},"yoast_head":"<!-- This site is optimized with the Yoast SEO plugin v19.9 - https:\/\/yoast.com\/wordpress\/plugins\/seo\/ -->\n<title>Ferien in der Toskana mit dem Fahrrad<\/title>\n<meta name=\"description\" content=\"Bed and Breakfast in der Toskana f\u00fcr perfekte Toskana Ferien Fahrrad. Woods, Wege und Stra\u00dfen f\u00fcr Ihr Fahrrad. Zimmer fuer Fahrrad.\" \/>\n<meta name=\"robots\" content=\"index, follow, max-snippet:-1, max-image-preview:large, max-video-preview:-1\" \/>\n<link rel=\"canonical\" href=\"https:\/\/www.campodicarlo.it\/de\/toskana-ferien-fahrrad\/\" \/>\n<meta property=\"og:locale\" content=\"de_DE\" \/>\n<meta property=\"og:type\" content=\"article\" \/>\n<meta property=\"og:title\" content=\"Ferien in der Toskana mit dem Fahrrad\" \/>\n<meta property=\"og:description\" content=\"Bed and Breakfast in der Toskana f\u00fcr perfekte Toskana Ferien Fahrrad. Woods, Wege und Stra\u00dfen f\u00fcr Ihr Fahrrad. Zimmer fuer Fahrrad.\" \/>\n<meta property=\"og:url\" content=\"https:\/\/www.campodicarlo.it\/de\/toskana-ferien-fahrrad\/\" \/>\n<meta property=\"og:site_name\" content=\"Campo di Carlo\" \/>\n<meta property=\"article:publisher\" content=\"https:\/\/www.facebook.com\/cristina.c.carlo\/\" \/>\n<meta property=\"article:modified_time\" content=\"2015-11-05T09:06:53+00:00\" \/>\n<meta name=\"twitter:card\" content=\"summary_large_image\" \/>\n<meta name=\"twitter:label1\" content=\"Gesch\u00e4tzte Lesezeit\" \/>\n\t<meta name=\"twitter:data1\" content=\"4\u00a0Minuten\" \/>\n<script type=\"application\/ld+json\" class=\"yoast-schema-graph\">{\"@context\":\"https:\/\/schema.org\",\"@graph\":[{\"@type\":\"WebPage\",\"@id\":\"https:\/\/www.campodicarlo.it\/de\/toskana-ferien-fahrrad\/\",\"url\":\"https:\/\/www.campodicarlo.it\/de\/toskana-ferien-fahrrad\/\",\"name\":\"Ferien in der Toskana mit dem Fahrrad\",\"isPartOf\":{\"@id\":\"https:\/\/www.campodicarlo.it\/de\/#website\"},\"datePublished\":\"2015-10-14T09:44:51+00:00\",\"dateModified\":\"2015-11-05T09:06:53+00:00\",\"description\":\"Bed and Breakfast in der Toskana f\u00fcr perfekte Toskana Ferien Fahrrad. Woods, Wege und Stra\u00dfen f\u00fcr Ihr Fahrrad. Zimmer fuer Fahrrad.\",\"breadcrumb\":{\"@id\":\"https:\/\/www.campodicarlo.it\/de\/toskana-ferien-fahrrad\/#breadcrumb\"},\"inLanguage\":\"de\",\"potentialAction\":[{\"@type\":\"ReadAction\",\"target\":[\"https:\/\/www.campodicarlo.it\/de\/toskana-ferien-fahrrad\/\"]}]},{\"@type\":\"BreadcrumbList\",\"@id\":\"https:\/\/www.campodicarlo.it\/de\/toskana-ferien-fahrrad\/#breadcrumb\",\"itemListElement\":[{\"@type\":\"ListItem\",\"position\":1,\"name\":\"Home\",\"item\":\"https:\/\/www.campodicarlo.it\/de\/\"},{\"@type\":\"ListItem\",\"position\":2,\"name\":\"Ferien in der Toskana Meer\"}]},{\"@type\":\"WebSite\",\"@id\":\"https:\/\/www.campodicarlo.it\/de\/#website\",\"url\":\"https:\/\/www.campodicarlo.it\/de\/\",\"name\":\"Campo di Carlo\",\"description\":\"\",\"potentialAction\":[{\"@type\":\"SearchAction\",\"target\":{\"@type\":\"EntryPoint\",\"urlTemplate\":\"https:\/\/www.campodicarlo.it\/de\/?s={search_term_string}\"},\"query-input\":\"required name=search_term_string\"}],\"inLanguage\":\"de\"}]}<\/script>\n<!-- \/ Yoast SEO plugin. -->","yoast_head_json":{"title":"Ferien in der Toskana mit dem Fahrrad","description":"Bed and Breakfast in der Toskana f\u00fcr perfekte Toskana Ferien Fahrrad. Woods, Wege und Stra\u00dfen f\u00fcr Ihr Fahrrad. Zimmer fuer Fahrrad.","robots":{"index":"index","follow":"follow","max-snippet":"max-snippet:-1","max-image-preview":"max-image-preview:large","max-video-preview":"max-video-preview:-1"},"canonical":"https:\/\/www.campodicarlo.it\/de\/toskana-ferien-fahrrad\/","og_locale":"de_DE","og_type":"article","og_title":"Ferien in der Toskana mit dem Fahrrad","og_description":"Bed and Breakfast in der Toskana f\u00fcr perfekte Toskana Ferien Fahrrad. Woods, Wege und Stra\u00dfen f\u00fcr Ihr Fahrrad. Zimmer fuer Fahrrad.","og_url":"https:\/\/www.campodicarlo.it\/de\/toskana-ferien-fahrrad\/","og_site_name":"Campo di Carlo","article_publisher":"https:\/\/www.facebook.com\/cristina.c.carlo\/","article_modified_time":"2015-11-05T09:06:53+00:00","twitter_card":"summary_large_image","twitter_misc":{"Gesch\u00e4tzte Lesezeit":"4\u00a0Minuten"},"schema":{"@context":"https:\/\/schema.org","@graph":[{"@type":"WebPage","@id":"https:\/\/www.campodicarlo.it\/de\/toskana-ferien-fahrrad\/","url":"https:\/\/www.campodicarlo.it\/de\/toskana-ferien-fahrrad\/","name":"Ferien in der Toskana mit dem Fahrrad","isPartOf":{"@id":"https:\/\/www.campodicarlo.it\/de\/#website"},"datePublished":"2015-10-14T09:44:51+00:00","dateModified":"2015-11-05T09:06:53+00:00","description":"Bed and Breakfast in der Toskana f\u00fcr perfekte Toskana Ferien Fahrrad. Woods, Wege und Stra\u00dfen f\u00fcr Ihr Fahrrad. Zimmer fuer Fahrrad.","breadcrumb":{"@id":"https:\/\/www.campodicarlo.it\/de\/toskana-ferien-fahrrad\/#breadcrumb"},"inLanguage":"de","potentialAction":[{"@type":"ReadAction","target":["https:\/\/www.campodicarlo.it\/de\/toskana-ferien-fahrrad\/"]}]},{"@type":"BreadcrumbList","@id":"https:\/\/www.campodicarlo.it\/de\/toskana-ferien-fahrrad\/#breadcrumb","itemListElement":[{"@type":"ListItem","position":1,"name":"Home","item":"https:\/\/www.campodicarlo.it\/de\/"},{"@type":"ListItem","position":2,"name":"Ferien in der Toskana Meer"}]},{"@type":"WebSite","@id":"https:\/\/www.campodicarlo.it\/de\/#website","url":"https:\/\/www.campodicarlo.it\/de\/","name":"Campo di Carlo","description":"","potentialAction":[{"@type":"SearchAction","target":{"@type":"EntryPoint","urlTemplate":"https:\/\/www.campodicarlo.it\/de\/?s={search_term_string}"},"query-input":"required name=search_term_string"}],"inLanguage":"de"}]}},"_links":{"self":[{"href":"https:\/\/www.campodicarlo.it\/de\/wp-json\/wp\/v2\/pages\/1844"}],"collection":[{"href":"https:\/\/www.campodicarlo.it\/de\/wp-json\/wp\/v2\/pages"}],"about":[{"href":"https:\/\/www.campodicarlo.it\/de\/wp-json\/wp\/v2\/types\/page"}],"author":[{"embeddable":true,"href":"https:\/\/www.campodicarlo.it\/de\/wp-json\/wp\/v2\/users\/1"}],"replies":[{"embeddable":true,"href":"https:\/\/www.campodicarlo.it\/de\/wp-json\/wp\/v2\/comments?post=1844"}],"version-history":[{"count":0,"href":"https:\/\/www.campodicarlo.it\/de\/wp-json\/wp\/v2\/pages\/1844\/revisions"}],"wp:attachment":[{"href":"https:\/\/www.campodicarlo.it\/de\/wp-json\/wp\/v2\/media?parent=1844"}],"curies":[{"name":"wp","href":"https:\/\/api.w.org\/{rel}","templated":true}]}}