{"id":1856,"date":"2014-09-14T08:54:12","date_gmt":"2014-09-14T08:54:12","guid":{"rendered":"http:\/\/www.campodicarlo.it\/sample-page-2-2\/"},"modified":"2019-11-04T09:06:00","modified_gmt":"2019-11-04T08:06:00","slug":"sample-page-2","status":"publish","type":"page","link":"https:\/\/www.campodicarlo.it\/de\/","title":{"rendered":"Campo di Carlo"},"content":{"rendered":"<p>[vc_row css=&#8220;.vc_custom_1410972438618{padding-top: 2.8rem !important;padding-bottom: 2.8rem !important;background-color: #f0f1f2 !important;}&#8220;][vc_column][vc_column_text]\r\n    <style>\r\n    \r\n\r\n    .kross-container .kb-btn {\r\n    \tbackground-color: #;\r\n    }\r\n    .kross-container .kg-select {\r\n        border-color: #;\r\n    }\r\n    .kross-container .kg-select .kb-btn-p {\r\n        border-color: #;\r\n    }\r\n    .kross-container .kg-select:before {\r\n        border-bottom-color: 7px solid #;\r\n    }\r\n    .kross-container .kg-select:before, .kross-container .kg-select:after {\r\n        border-bottom-color: #;\r\n    }\r\n    .kross-container .kb-date .kb-d, .kross-container .kb-qt {\r\n    \tcolor: #;\r\n    }\r\n    .kross-container select#kross_group {\r\n        color: #;\r\n    }\r\n    .KB-daterangepicker {\r\n    \tborder-color: #;\r\n    \tborder-top-color: #;\r\n    }\r\n    .KB-daterangepicker:before {\r\n    \tborder-bottom-color: #;\r\n    }\r\n    .KB-daterangepicker td.in-range {\r\n    \tbackground-color: #36;\r\n    }\r\n    .KB-daterangepicker td.active, .KB-daterangepicker td.active:hover {\r\n    \tbackground-color: #;\r\n    }\r\n    .KB-daterangepicker th.month {\r\n    \tcolor: #;\r\n    }\r\n    <\/style>\n\t<div class=\"kross-container\">\n\t\t<div class=\"kross-transparency\">\n\t\t\t<form class=\"form-kross-booking\" method=\"GET\" action=\"https:\/\/book.krossbooking.com\/campodicarlo\/book\/step1\">\n\t\t\t\t<input type=\"hidden\" id=\"idrt\" name=\"idrt\" value=\"0\">\r\n\t\t\t\t<input type=\"hidden\" id=\"kross_min_stay_def\" name=\"kross_min_stay_def\" value=\"1\">\r\n\t\t\t\t<input type=\"hidden\" id=\"kross_lang\" name=\"kross_lang\" value=\"de\">\n\t\t\t\t<input type=\"hidden\" name=\"from\" id=\"kross_from\">\n                <input type=\"hidden\" name=\"to\" id=\"kross_to\">\n\n\t\t\t\t<div class=\"kb-form-group kb-date\">\n\t\t\t\t\t<div class=\"kb-d1\" >\n\t\t\t\t\t\t<div class=\"kb-label\">Arrival<\/div>\n\t\t\t\t\t\t<div class=\"kb-d\"><\/div>\n\t\t\t\t\t\t<div class=\"kb-dex\">\n\t\t\t\t\t\t\t<div class=\"kb-mmmm\"><\/div>\n\t\t\t\t\t\t\t<div class=\"kb-ddd\"><\/div>\n\t\t\t\t\t\t<\/div>\n\t\t\t\t\t<\/div>\n\t\t\t\t\t<div class=\"kb-d2\" >\n\t\t\t\t\t\t<div class=\"kb-label\">Departure<\/div>\n\t\t\t\t\t\t<div class=\"kb-d\"><\/div>\n\t\t\t\t\t\t<div class=\"kb-dex\">\n\t\t\t\t\t\t\t<div class=\"kb-mmmm\"><\/div>\n\t\t\t\t\t\t\t<div class=\"kb-ddd\"><\/div>\n\t\t\t\t\t\t<\/div>\n\t\t\t\t\t<\/div>\n\t\t\t\t\t\n\t\t\t\t<\/div>\n\t\t\t\t<div class=\"kb-form-group kb-adults\">\n\n          <div class=\"cnt-guest\">\n            <div class=\"cnt-input\">\n\t\t\t\t\t<input type=\"hidden\" name=\"guests\" id=\"kb_adults\" value=\"2\" \/>\n          <div class=\"kb-label\">Guests<\/div>\n\t\t\t\t\t<div class=\"kb-qt\" id=\"kb_adults_v\">2<\/div>\n\t<\/div>\n  <div class=\"cnt-controls\">\n\t\t\t\t\t\t<a class=\"kb-btn-p kb-plus\" onclick=\"return KBguestsCount('kb_adults',1,1);\">+<\/a>\n            <a class=\"kb-btn-p km-minus\" onclick=\"return KBguestsCount('kb_adults',-1,1);\">-<\/a>\n  <\/div>\n\n\t\t\t\t\t<div style=\"clear:both\"><\/div>\n\t\t<\/div>\n\t\t\t\t<\/div>\n\t\t\t\t<input type=\"submit\" class=\"kb-btn\"\n\t\t\t\t\tvalue=\"Check availability\" \/>\n\n\t\t\t<\/form>\n\t\t<\/div>\n\t<\/div>[\/vc_column_text][\/vc_column][\/vc_row][vc_row css=&#8220;.vc_custom_1444124751967{margin-top: -20px !important;margin-bottom: -50px !important;}&#8220;][vc_column width=&#8220;4\/6&#8243; offset=&#8220;vc_col-sm-offset-2&#8243;][vc_column_text]<\/p>\n<h1 style=\"text-align: center;\"><small>B&amp;B at Sassetta <span style=\"font-size: xx-large;\">FERIENHAUS<\/span><\/small> CAMPO DI CARLO<\/h1>\n<p class=\"lead\" style=\"text-align: center; font-size: 20px !important;\">Historisches Landhaus und Urlaub in der Toskana<\/p>\n<p style=\"font-size: 18px !important;\" align=\"center\">Campo di Carlo ist ein antikes, komplett restauriertes Agriturismo in Naturstein, eingebettet in die gr\u00fcnen H\u00fcgel der Toskana Etruskerk\u00fcste, umgeben von einem gro\u00dfen Park mit jahrhundertealten B\u00e4umen sowie einem Panorama pool. In dieser Ecke der Natur atmet man Ruhe und Frieden.<\/p>\n<p style=\"text-align: center;\">Der kleine H\u00fcgelort Sassetta befindet sich nur 5 km entfernt und dort k\u00f6nnen die G\u00e4ste in Restaurants zu g\u00fcnstigeren Preisen Abend essen, mit denen eine Vereinbarung getroffen wurde. Desweiteren gibt es im Ort ein Lebensmittelgesch\u00e4ft, Post, Bank und Apotheke.<\/p>\n<p>In nur 15 km Entfernung liegen die antiken Orte Bolgheri, Castagneto Carducci und Suvereto deren Weinhersteller weltweit bekannt f\u00fcr deren exzellenten Weine sind (Sassicaia, Ornellaia).<\/p>\n<p>Im Campo di Carlo k\u00f6nnen die G\u00e4ste in acht, bis ins kleinste Detail und pers\u00f6nlich gestalteten Zimmern untergebracht werden, von denen aus man einen herrlichen Blick \u00fcber den Park genie\u00dft, welcher das Haus umgbit. Jedes Zimmer hat ein eigenes Bad, Klimaanlage, Satelliten-TV und Minibar.<\/p>\n<p>Am Morgen bereiten wir ein reichhaltiges Fr\u00fchst\u00fccksb\u00fcfett im Speisezimmer zu, bestehend aus selbstgemachtem Brot und Joghurt, Marmelade, Obsts\u00e4ften, Wurst, K\u00e4se, drei Sorten M\u00fcsli, Honig, Zwieback, Brioche, Milch, Kaffee, Tee und Kr\u00e4utertees.<\/p>\n<p>Wir lassen den G\u00e4sten die gro\u00dfe, gut ausgestattete K\u00fcche zur freien Verf\u00fcgung. Es stehen dort zwei \u00d6fen, zwei Herde, Geschirr und zahlreiche K\u00fcchenger\u00e4te sowie ein Schrank pro Zimmer zur Verf\u00fcgung. Im Garten sind das Barbecue sowie der Steinofen zur kompletten und freien Verf\u00fcgung.<\/p>\n<p style=\"text-align: center;\"><a class=\"btn btn-primary btn-block\" href=\"#\">Entdecken Sie unsere Angebote<\/a><\/p>\n<p>[\/vc_column_text][\/vc_column][\/vc_row][vc_row parallax=&#8220;yes&#8220; parallax_layers=&#8220;yes&#8220; style_images=&#8220;yes&#8220; css=&#8220;.vc_custom_1444125072167{background-image: url(http:\/\/www.campodicarlo.it\/wp-content\/uploads\/2014\/09\/sfondo8.jpg?id=1726) !important;background-position: center !important;background-repeat: no-repeat !important;background-size: cover !important;}&#8220; parallax_offset=&#8220;150&#8243; layer_1=&#8220;1733&#8243; layer_2=&#8220;1734&#8243; layer_3=&#8220;1735&#8243; layer_1_ratio=&#8220;1.25123&#8243; layer_2_ratio=&#8220;0.94456456&#8243; layer_3_ratio=&#8220;1.111111&#8243; layer_1_vertical=&#8220;top: 80%&#8220; layer_1_horizontal=&#8220;left: 17%&#8220; layer_2_vertical=&#8220;top: 40%&#8220; layer_2_horizontal=&#8220;left: 24%&#8220; layer_3_vertical=&#8220;top: 15%&#8220; layer_3_horizontal=&#8220;left: 12%&#8220; layer_1_z=&#8220;1&#8243; layer_2_z=&#8220;0&#8243; layer_3_z=&#8220;1&#8243; el_class=&#8220;content-padding-xxl&#8220; parallax_ratio=&#8220;0.5&#8243;][vc_column width=&#8220;1\/2&#8243; offset=&#8220;vc_col-sm-offset-6&#8243; css=&#8220;.vc_custom_1444124429471{margin-top: 10px !important;}&#8220;][vc_column_text]<\/p>\n<h2><small>URLAUB IN DER TOSKANA<\/small>BAUERNHAUS F\u00dcR KINDER UND FAMILIEN<\/h2>\n<p style=\"font-size: 18px !important;\">Toskana ist der ideale Ort f\u00fcr einen Urlaub mit Ihren Kindern zu verbringen. Ob Sie eine Familie mit einem Baby oder ein Kind, eine Familie oder eine Gruppe von Familien, die ihren Urlaub zusammen verbringen, wenn Sie viele Kinder auf unserem Bauernhof haben, ist es ein idealer Ort f\u00fcr Ihren Urlaub sind.<\/p>\n<h2><small>Motorradfahrer<\/small><\/h2>\n<p style=\"font-size: 18px !important;\">Das Hotel bietet Fr\u00fchst\u00fcck an. Das Haus verf\u00fcgt \u00fcber: 8 Zimmer mit 24 Betten, Aufenthaltsraum, Biergarten, Terrasse, Grillplatz, Schwimmbad sowie Mehrbettzimmer, Nichtraucherzimmer, WLan.<\/p>\n<p>F\u00fcr Motorradfahrer bietet das &#8222;Agriturismo Campo Di Carlo&#8220;: Strassenkarten, nat\u00fcrlich haben wir eigene Tourenvorschl\u00e4ge, Unterstellplatz, Trockenraum, Reinigungsm\u00f6glichkeit f\u00fcr Euer Motorrad wird geboten. .<\/p>\n<p style=\"text-align: left;\"><a class=\"btn btn-primary btn-block\" href=\"#\">More Info<\/a><\/p>\n<p>[\/vc_column_text][\/vc_column][\/vc_row]<h2 class=\"text-center\"><small>Entdecken Sie die Umgebung und was ist auf der Farm.<\/small>WAS IST ZU TUN<\/h2><div class=\"services-carousel  owl-with-navigation\" id=\"services_carousel_0\"><div class='item'><a href=\"\/de\/sassetta\/\" class=\"link-image\" title=\"Sassetta\"><img width=\"600\" height=\"400\" src=\"https:\/\/www.campodicarlo.it\/wp-content\/uploads\/2014\/09\/box1.jpg\" class=\"attachment-large size-large\" alt=\"\" loading=\"lazy\" srcset=\"https:\/\/www.campodicarlo.it\/wp-content\/uploads\/2014\/09\/box1.jpg 600w, https:\/\/www.campodicarlo.it\/wp-content\/uploads\/2014\/09\/box1-300x200.jpg 300w\" sizes=\"(max-width: 600px) 100vw, 600px\" \/><\/a><div class=\"item-content\"><h4><a href=\"\/de\/sassetta\/\">Sassetta<\/a><\/h4><p>Sassetta ist ein kleines Dorf umgeben von W\u00e4ldern von Kastanienb\u00e4umen, in dem Sie charmante Wege zu finden, umgeben.<\/p><\/div><\/div><div class='item'><a href=\"\/de\/weinstrasse-der-etrusker-kueste\/\" class=\"link-image\" title=\"Etruskerk\u00fcste\"><img width=\"600\" height=\"400\" src=\"https:\/\/www.campodicarlo.it\/wp-content\/uploads\/2014\/09\/box2.jpg\" class=\"attachment-large size-large\" alt=\"\" loading=\"lazy\" srcset=\"https:\/\/www.campodicarlo.it\/wp-content\/uploads\/2014\/09\/box2.jpg 600w, https:\/\/www.campodicarlo.it\/wp-content\/uploads\/2014\/09\/box2-300x200.jpg 300w\" sizes=\"(max-width: 600px) 100vw, 600px\" \/><\/a><div class=\"item-content\"><h4><a href=\"\/de\/weinstrasse-der-etrusker-kueste\/\">Etruskerk\u00fcste<\/a><\/h4><p>Das Meer vor der K\u00fcste der Etrusker hat mit den blauen Flaggen der Europ\u00e4ischen Union ausgezeichnet.<\/p><\/div><\/div><div class='item'><a href=\"\/de\/baratti\/\" class=\"link-image\" title=\"Baratti\"><img width=\"600\" height=\"400\" src=\"https:\/\/www.campodicarlo.it\/wp-content\/uploads\/2014\/09\/box3.jpg\" class=\"attachment-large size-large\" alt=\"\" loading=\"lazy\" srcset=\"https:\/\/www.campodicarlo.it\/wp-content\/uploads\/2014\/09\/box3.jpg 600w, https:\/\/www.campodicarlo.it\/wp-content\/uploads\/2014\/09\/box3-300x200.jpg 300w\" sizes=\"(max-width: 600px) 100vw, 600px\" \/><\/a><div class=\"item-content\"><h4><a href=\"\/de\/baratti\/\">Baratti<\/a><\/h4><p>J\u00fcngste Ausgrabungen der Akropolis, kann durch einen Spaziergang im Mittelmeer besucht werden.<\/p><\/div><\/div><div class='item'><a href=\"\/de\/die-doerfer-der-toskana\/\" class=\"link-image\" title=\"Borghi Toscani\"><img width=\"600\" height=\"400\" src=\"https:\/\/www.campodicarlo.it\/wp-content\/uploads\/2014\/09\/box4.jpg\" class=\"attachment-large size-large\" alt=\"\" loading=\"lazy\" srcset=\"https:\/\/www.campodicarlo.it\/wp-content\/uploads\/2014\/09\/box4.jpg 600w, https:\/\/www.campodicarlo.it\/wp-content\/uploads\/2014\/09\/box4-300x200.jpg 300w\" sizes=\"(max-width: 600px) 100vw, 600px\" \/><\/a><div class=\"item-content\"><h4><a href=\"\/de\/die-doerfer-der-toskana\/\">Borghi Toscani<\/a><\/h4><p>Sassetta, Bolgheri, Castagneto, Populonia, Suvereto und Campiglia Marittima faszinieren.<\/p><\/div><\/div><div class='item'><a href=\"\/de\/weinstrasse-der-etrusker-kueste\/\" class=\"link-image\" title=\"Wein und Essen Routen\"><img width=\"600\" height=\"400\" src=\"https:\/\/www.campodicarlo.it\/wp-content\/uploads\/2014\/09\/box5.jpg\" class=\"attachment-large size-large\" alt=\"\" loading=\"lazy\" srcset=\"https:\/\/www.campodicarlo.it\/wp-content\/uploads\/2014\/09\/box5.jpg 600w, https:\/\/www.campodicarlo.it\/wp-content\/uploads\/2014\/09\/box5-300x200.jpg 300w\" sizes=\"(max-width: 600px) 100vw, 600px\" \/><\/a><div class=\"item-content\"><h4><a href=\"\/de\/weinstrasse-der-etrusker-kueste\/\">Wein und Essen Routen<\/a><\/h4><p>Neben der Sch\u00f6nheit der Toskana, der Geschmack und der Geruch von Aromen.<\/p><\/div><\/div><div class='item'><a href=\"\/de\/sassetta\/\" class=\"link-image\" title=\"Spa und Wellness\"><img width=\"600\" height=\"400\" src=\"https:\/\/www.campodicarlo.it\/wp-content\/uploads\/2014\/09\/box6.jpg\" class=\"attachment-large size-large\" alt=\"\" loading=\"lazy\" srcset=\"https:\/\/www.campodicarlo.it\/wp-content\/uploads\/2014\/09\/box6.jpg 600w, https:\/\/www.campodicarlo.it\/wp-content\/uploads\/2014\/09\/box6-300x200.jpg 300w\" sizes=\"(max-width: 600px) 100vw, 600px\" \/><\/a><div class=\"item-content\"><h4><a href=\"\/de\/sassetta\/\">Spa und Wellness<\/a><\/h4><p>Nicht weit von uns sind die Thermen von Calidario Venturina mit Thermalsee und Spa. <\/p><\/div><\/div><div class='item'><a href=\"\/de\/fahrradtourismus\/\" class=\"link-image\" title=\"Fahrradurlaub\"><img width=\"600\" height=\"400\" src=\"https:\/\/www.campodicarlo.it\/wp-content\/uploads\/2014\/09\/box7.jpg\" class=\"attachment-large size-large\" alt=\"\" loading=\"lazy\" srcset=\"https:\/\/www.campodicarlo.it\/wp-content\/uploads\/2014\/09\/box7.jpg 600w, https:\/\/www.campodicarlo.it\/wp-content\/uploads\/2014\/09\/box7-300x200.jpg 300w\" sizes=\"(max-width: 600px) 100vw, 600px\" \/><\/a><div class=\"item-content\"><h4><a href=\"\/de\/fahrradtourismus\/\">Fahrradurlaub<\/a><\/h4><p>Am Campo Carlo werden Karten mit Routen, Schwierigkeitsgraden 'und Kilometer zu finden<\/p><\/div><\/div><\/div><script type='text\/javascript'>( function( $ ) {\n\t\t\t\t\t\t\n\t\t\t\t$( document ).ready(function() {\n\t\t\t\t    $('#services_carousel_0').owlCarousel({\n\t\t\t\t    \titems\t\t\t\t: 4,\n\t\t\t\t    \tmargin\t\t\t\t: 20,\n\t\t\t\t    \tnav\t\t\t\t\t: false,\n\t\t\t\t    \tnavText\t\t\t\t: [],\n\t\t\t\t    \tloop \t\t\t\t: true,\n\t\t\t\t    \tautoplay \t\t\t: true,\n\t\t\t\t    \tautoplayTimeout\t\t: 2000,\n\t\t\t\t    \tautoplayHoverPause\t: true,\n\t\t\t\t    \tresponsive\t\t\t: {\n\t\t\t\t    \t\t0 : {\n\t\t\t\t    \t\t\titems \t: 1,\n\t\t\t\t    \t\t\tdots\t: true,\n\t\t\t\t    \t\t\tnav\t\t: false\n\t\t\t\t    \t\t},\n\t\t\t\t    \t\t767 : {\n\t\t\t\t    \t\t\titems \t: 2,\n\t\t\t\t    \t\t\tdots\t: true\n\t\t\t\t    \t\t},\n\t\t\t\t    \t\t992 : {\n\t\t\t\t    \t\t\titems \t: 4,\n\t\t\t\t    \t\t\tdots\t: true\n\t\t\t\t    \t\t}\n\t\t\t\t    \t}\n\t\t\t\t    });\n\t\t\t\t});\n\t\t\t\t\t\t\n\t\t\t} )( jQuery );<\/script><\/p>\n","protected":false},"excerpt":{"rendered":"<p>[vc_row css=&#8220;.vc_custom_1410972438618{padding-top: 2.8rem !important;padding-bottom: 2.8rem !important;background-color: #f0f1f2 !important;}&#8220;][vc_column][vc_column_text][\/vc_column_text][\/vc_column][\/vc_row][vc_row css=&#8220;.vc_custom_1444124751967{margin-top: -20px !important;margin-bottom: -50px !important;}&#8220;][vc_column width=&#8220;4\/6&#8243; offset=&#8220;vc_col-sm-offset-2&#8243;][vc_column_text] B&amp;B at Sassetta FERIENHAUS CAMPO [&hellip;]<\/p>\n","protected":false},"author":1,"featured_media":0,"parent":0,"menu_order":0,"comment_status":"closed","ping_status":"closed","template":"page-templates\/page-fullwidth.php","meta":{"_expiration-date-status":"saved","_expiration-date":0,"_expiration-date-type":"","_expiration-date-categories":[],"_expiration-date-options":[]},"yoast_head":"<!-- This site is optimized with the Yoast SEO plugin v19.9 - https:\/\/yoast.com\/wordpress\/plugins\/seo\/ -->\n<title>Ferienhaus Sassetta Suvereto mit Fruehstueck, Bauernhof (Toskana) | Campo di Carlo<\/title>\n<meta name=\"description\" content=\"Campo di Carlo, Ferienwohnungen und Bauernhaus mit Fruehstueck in Toskana. Ideal f\u00fcr Familienurlaub mit Kindern. In Sassetta, Livorno. +39 0565 794257\" \/>\n<meta name=\"robots\" content=\"index, follow, max-snippet:-1, max-image-preview:large, max-video-preview:-1\" \/>\n<link rel=\"canonical\" href=\"https:\/\/www.campodicarlo.it\/de\/\" \/>\n<meta property=\"og:locale\" content=\"de_DE\" \/>\n<meta property=\"og:type\" content=\"article\" \/>\n<meta property=\"og:title\" content=\"Ferienhaus Sassetta Suvereto mit Fruehstueck, Bauernhof (Toskana) | Campo di Carlo\" \/>\n<meta property=\"og:description\" content=\"Campo di Carlo, Ferienwohnungen und Bauernhaus mit Fruehstueck in Toskana. Ideal f\u00fcr Familienurlaub mit Kindern. In Sassetta, Livorno. +39 0565 794257\" \/>\n<meta property=\"og:url\" content=\"https:\/\/www.campodicarlo.it\/de\/\" \/>\n<meta property=\"og:site_name\" content=\"Campo di Carlo\" \/>\n<meta property=\"article:publisher\" content=\"https:\/\/www.facebook.com\/cristina.c.carlo\/\" \/>\n<meta property=\"article:modified_time\" content=\"2019-11-04T08:06:00+00:00\" \/>\n<meta name=\"twitter:card\" content=\"summary_large_image\" \/>\n<meta name=\"twitter:label1\" content=\"Gesch\u00e4tzte Lesezeit\" \/>\n\t<meta name=\"twitter:data1\" content=\"4\u00a0Minuten\" \/>\n<script type=\"application\/ld+json\" class=\"yoast-schema-graph\">{\"@context\":\"https:\/\/schema.org\",\"@graph\":[{\"@type\":\"WebPage\",\"@id\":\"https:\/\/www.campodicarlo.it\/de\/\",\"url\":\"https:\/\/www.campodicarlo.it\/de\/\",\"name\":\"Ferienhaus Sassetta Suvereto mit Fruehstueck, Bauernhof (Toskana) | Campo di Carlo\",\"isPartOf\":{\"@id\":\"https:\/\/www.campodicarlo.it\/de\/#website\"},\"datePublished\":\"2014-09-14T08:54:12+00:00\",\"dateModified\":\"2019-11-04T08:06:00+00:00\",\"description\":\"Campo di Carlo, Ferienwohnungen und Bauernhaus mit Fruehstueck in Toskana. Ideal f\u00fcr Familienurlaub mit Kindern. In Sassetta, Livorno. +39 0565 794257\",\"breadcrumb\":{\"@id\":\"https:\/\/www.campodicarlo.it\/de\/#breadcrumb\"},\"inLanguage\":\"de\",\"potentialAction\":[{\"@type\":\"ReadAction\",\"target\":[\"https:\/\/www.campodicarlo.it\/de\/\"]}]},{\"@type\":\"BreadcrumbList\",\"@id\":\"https:\/\/www.campodicarlo.it\/de\/#breadcrumb\",\"itemListElement\":[{\"@type\":\"ListItem\",\"position\":1,\"name\":\"Home\",\"item\":\"https:\/\/www.campodicarlo.it\/de\/\"},{\"@type\":\"ListItem\",\"position\":2,\"name\":\"Campo di Carlo\"}]},{\"@type\":\"WebSite\",\"@id\":\"https:\/\/www.campodicarlo.it\/de\/#website\",\"url\":\"https:\/\/www.campodicarlo.it\/de\/\",\"name\":\"Campo di Carlo\",\"description\":\"\",\"potentialAction\":[{\"@type\":\"SearchAction\",\"target\":{\"@type\":\"EntryPoint\",\"urlTemplate\":\"https:\/\/www.campodicarlo.it\/de\/?s={search_term_string}\"},\"query-input\":\"required name=search_term_string\"}],\"inLanguage\":\"de\"}]}<\/script>\n<!-- \/ Yoast SEO plugin. -->","yoast_head_json":{"title":"Ferienhaus Sassetta Suvereto mit Fruehstueck, Bauernhof (Toskana) | Campo di Carlo","description":"Campo di Carlo, Ferienwohnungen und Bauernhaus mit Fruehstueck in Toskana. Ideal f\u00fcr Familienurlaub mit Kindern. In Sassetta, Livorno. +39 0565 794257","robots":{"index":"index","follow":"follow","max-snippet":"max-snippet:-1","max-image-preview":"max-image-preview:large","max-video-preview":"max-video-preview:-1"},"canonical":"https:\/\/www.campodicarlo.it\/de\/","og_locale":"de_DE","og_type":"article","og_title":"Ferienhaus Sassetta Suvereto mit Fruehstueck, Bauernhof (Toskana) | Campo di Carlo","og_description":"Campo di Carlo, Ferienwohnungen und Bauernhaus mit Fruehstueck in Toskana. Ideal f\u00fcr Familienurlaub mit Kindern. In Sassetta, Livorno. +39 0565 794257","og_url":"https:\/\/www.campodicarlo.it\/de\/","og_site_name":"Campo di Carlo","article_publisher":"https:\/\/www.facebook.com\/cristina.c.carlo\/","article_modified_time":"2019-11-04T08:06:00+00:00","twitter_card":"summary_large_image","twitter_misc":{"Gesch\u00e4tzte Lesezeit":"4\u00a0Minuten"},"schema":{"@context":"https:\/\/schema.org","@graph":[{"@type":"WebPage","@id":"https:\/\/www.campodicarlo.it\/de\/","url":"https:\/\/www.campodicarlo.it\/de\/","name":"Ferienhaus Sassetta Suvereto mit Fruehstueck, Bauernhof (Toskana) | Campo di Carlo","isPartOf":{"@id":"https:\/\/www.campodicarlo.it\/de\/#website"},"datePublished":"2014-09-14T08:54:12+00:00","dateModified":"2019-11-04T08:06:00+00:00","description":"Campo di Carlo, Ferienwohnungen und Bauernhaus mit Fruehstueck in Toskana. Ideal f\u00fcr Familienurlaub mit Kindern. In Sassetta, Livorno. +39 0565 794257","breadcrumb":{"@id":"https:\/\/www.campodicarlo.it\/de\/#breadcrumb"},"inLanguage":"de","potentialAction":[{"@type":"ReadAction","target":["https:\/\/www.campodicarlo.it\/de\/"]}]},{"@type":"BreadcrumbList","@id":"https:\/\/www.campodicarlo.it\/de\/#breadcrumb","itemListElement":[{"@type":"ListItem","position":1,"name":"Home","item":"https:\/\/www.campodicarlo.it\/de\/"},{"@type":"ListItem","position":2,"name":"Campo di Carlo"}]},{"@type":"WebSite","@id":"https:\/\/www.campodicarlo.it\/de\/#website","url":"https:\/\/www.campodicarlo.it\/de\/","name":"Campo di Carlo","description":"","potentialAction":[{"@type":"SearchAction","target":{"@type":"EntryPoint","urlTemplate":"https:\/\/www.campodicarlo.it\/de\/?s={search_term_string}"},"query-input":"required name=search_term_string"}],"inLanguage":"de"}]}},"_links":{"self":[{"href":"https:\/\/www.campodicarlo.it\/de\/wp-json\/wp\/v2\/pages\/1856"}],"collection":[{"href":"https:\/\/www.campodicarlo.it\/de\/wp-json\/wp\/v2\/pages"}],"about":[{"href":"https:\/\/www.campodicarlo.it\/de\/wp-json\/wp\/v2\/types\/page"}],"author":[{"embeddable":true,"href":"https:\/\/www.campodicarlo.it\/de\/wp-json\/wp\/v2\/users\/1"}],"replies":[{"embeddable":true,"href":"https:\/\/www.campodicarlo.it\/de\/wp-json\/wp\/v2\/comments?post=1856"}],"version-history":[{"count":0,"href":"https:\/\/www.campodicarlo.it\/de\/wp-json\/wp\/v2\/pages\/1856\/revisions"}],"wp:attachment":[{"href":"https:\/\/www.campodicarlo.it\/de\/wp-json\/wp\/v2\/media?parent=1856"}],"curies":[{"name":"wp","href":"https:\/\/api.w.org\/{rel}","templated":true}]}}