{"id":1883,"date":"2015-09-16T15:39:47","date_gmt":"2015-09-16T13:39:47","guid":{"rendered":"http:\/\/www.campodicarlo.it\/sassetta-2\/"},"modified":"2015-11-05T10:06:32","modified_gmt":"2015-11-05T09:06:32","slug":"sassetta","status":"publish","type":"page","link":"https:\/\/www.campodicarlo.it\/de\/sassetta\/","title":{"rendered":"Sassetta: ein ideales Land f\u00fcr einen Urlaub in der Toskana"},"content":{"rendered":"<p>[vc_row][vc_column width=&#8220;1\/2&#8243;][vc_gallery images=&#8220;1780&#8243; onclick=&#8220;link_image&#8220; custom_links_target=&#8220;_self&#8220; columns=&#8220;1&#8243; img_size=&#8220;large&#8220;][\/vc_column][vc_column width=&#8220;1\/2&#8243;][vc_column_text]Das Dorf Sassetta auf einem H\u00fcgel, von dem Sie eine sch\u00f6ne Aussicht auf das Tal genie\u00dfen k\u00f6nnen thront ist ein typisches altes Dorf, mit engen Gassen und kleinen Gesch\u00e4ften, wo die Zeit scheint still f\u00fcr einen Moment stehen, schlendern Sie durch die antiken Stra\u00dfen, die typischen Gerichte der toskanische K\u00fcche, genie\u00dfen Sie eine in der etruskischen K\u00fcste produzierten Wein &#8230;<\/p>\n<p>Und das sind nur einige der vielen M\u00f6glichkeiten, die es bietet, um die Touristen, die sie besuchen!<\/p>\n<p>Es wurde vor kurzem ein sch\u00f6nes Spa, wo Sie Behandlungen, Massagen genie\u00dfen oder einfach nur in sehr hei\u00dfem Wasser von viel Gr\u00fcn, die frische Luft in der Mitte eines Waldes mit alten B\u00e4umen genie\u00dfen.<\/p>\n<p>Naturliebhaber und Wanderer sind in Sassetta lange Strecken und einem Museum des Waldes mit dem alten Kohlenkeller, wo sie suchen und bewundern die unber\u00fchrte Landschaft und im Herbst einige Zeit, um die Suche nach Pilzen und Kastanien zu widmen auch.<\/p>\n<p>Das traditionelle Dorf ist auch nicht weit von den wei\u00dfen Str\u00e4nden der etruskischen K\u00fcste, dessen Wasser wurden bereits mehrfach mit der Blauen Flagge ausgezeichnet.<\/p>\n<p>Besuchen Sassetta bedeutet nicht einfach &#8222;ausschalten&#8220; aus dem Alltag, sondern auch genie\u00dfen Sie Aromen und D\u00fcfte der Toskana in einer Zeit, wo Traditionen verschmelzen mit der Umgebung.<\/p>\n<p>Kontaktieren Sie Campo di Carlo, Bed and Breakfast in Sassetta und organisieren Sie Ihren Urlaub oder Dein Wochenende in diesem sch\u00f6nen Teil der Toskana.[\/vc_column_text][\/vc_column][\/vc_row][vc_row css=&#8220;.vc_custom_1442410108803{background-image: url(http:\/\/www.campodicarlo.it\/wp-content\/uploads\/2014\/09\/sfondo8.jpg) !important;background-position: center !important;background-repeat: no-repeat !important;background-size: cover !important;}&#8220; parallax=&#8220;yes&#8220; parallax_ratio=&#8220;0.5&#8243; el_class=&#8220;text-center&#8220; parallax_layers=&#8220;&#8220; style_images=&#8220;&#8220;][vc_column width=&#8220;1\/1&#8243; css=&#8220;.vc_custom_1410859538423{padding: 5.6rem !important;background-color: rgba(255,255,255,0.85) !important;*background-color: rgb(255,255,255) !important;}&#8220;][vc_column_text]<\/p>\n<h2 class=\"text-center\"><small>Entdecken Sie die Umgebung und was ist auf der Farm.<\/small>WAS IST ZU TUN<\/h2><div class=\"services-carousel  owl-with-navigation\" id=\"services_carousel_0\"><div class='item'><a href=\"\/de\/sassetta\/\" class=\"link-image\" title=\"Sassetta\"><img width=\"600\" height=\"400\" src=\"https:\/\/www.campodicarlo.it\/wp-content\/uploads\/2014\/09\/box1.jpg\" class=\"attachment-large size-large\" alt=\"\" loading=\"lazy\" srcset=\"https:\/\/www.campodicarlo.it\/wp-content\/uploads\/2014\/09\/box1.jpg 600w, https:\/\/www.campodicarlo.it\/wp-content\/uploads\/2014\/09\/box1-300x200.jpg 300w\" sizes=\"(max-width: 600px) 100vw, 600px\" \/><\/a><div class=\"item-content\"><h4><a href=\"\/de\/sassetta\/\">Sassetta<\/a><\/h4><p>Sassetta ist ein kleines Dorf umgeben von W\u00e4ldern von Kastanienb\u00e4umen, in dem Sie charmante Wege zu finden, umgeben.<\/p><\/div><\/div><div class='item'><a href=\"\/de\/weinstrasse-der-etrusker-kueste\/\" class=\"link-image\" title=\"Etruskerk\u00fcste\"><img width=\"600\" height=\"400\" src=\"https:\/\/www.campodicarlo.it\/wp-content\/uploads\/2014\/09\/box2.jpg\" class=\"attachment-large size-large\" alt=\"\" loading=\"lazy\" srcset=\"https:\/\/www.campodicarlo.it\/wp-content\/uploads\/2014\/09\/box2.jpg 600w, https:\/\/www.campodicarlo.it\/wp-content\/uploads\/2014\/09\/box2-300x200.jpg 300w\" sizes=\"(max-width: 600px) 100vw, 600px\" \/><\/a><div class=\"item-content\"><h4><a href=\"\/de\/weinstrasse-der-etrusker-kueste\/\">Etruskerk\u00fcste<\/a><\/h4><p>Das Meer vor der K\u00fcste der Etrusker hat mit den blauen Flaggen der Europ\u00e4ischen Union ausgezeichnet.<\/p><\/div><\/div><div class='item'><a href=\"\/de\/baratti\/\" class=\"link-image\" title=\"Baratti\"><img width=\"600\" height=\"400\" src=\"https:\/\/www.campodicarlo.it\/wp-content\/uploads\/2014\/09\/box3.jpg\" class=\"attachment-large size-large\" alt=\"\" loading=\"lazy\" srcset=\"https:\/\/www.campodicarlo.it\/wp-content\/uploads\/2014\/09\/box3.jpg 600w, https:\/\/www.campodicarlo.it\/wp-content\/uploads\/2014\/09\/box3-300x200.jpg 300w\" sizes=\"(max-width: 600px) 100vw, 600px\" \/><\/a><div class=\"item-content\"><h4><a href=\"\/de\/baratti\/\">Baratti<\/a><\/h4><p>J\u00fcngste Ausgrabungen der Akropolis, kann durch einen Spaziergang im Mittelmeer besucht werden.<\/p><\/div><\/div><div class='item'><a href=\"\/de\/die-doerfer-der-toskana\/\" class=\"link-image\" title=\"Borghi Toscani\"><img width=\"600\" height=\"400\" src=\"https:\/\/www.campodicarlo.it\/wp-content\/uploads\/2014\/09\/box4.jpg\" class=\"attachment-large size-large\" alt=\"\" loading=\"lazy\" srcset=\"https:\/\/www.campodicarlo.it\/wp-content\/uploads\/2014\/09\/box4.jpg 600w, https:\/\/www.campodicarlo.it\/wp-content\/uploads\/2014\/09\/box4-300x200.jpg 300w\" sizes=\"(max-width: 600px) 100vw, 600px\" \/><\/a><div class=\"item-content\"><h4><a href=\"\/de\/die-doerfer-der-toskana\/\">Borghi Toscani<\/a><\/h4><p>Sassetta, Bolgheri, Castagneto, Populonia, Suvereto und Campiglia Marittima faszinieren.<\/p><\/div><\/div><div class='item'><a href=\"\/de\/weinstrasse-der-etrusker-kueste\/\" class=\"link-image\" title=\"Wein und Essen Routen\"><img width=\"600\" height=\"400\" src=\"https:\/\/www.campodicarlo.it\/wp-content\/uploads\/2014\/09\/box5.jpg\" class=\"attachment-large size-large\" alt=\"\" loading=\"lazy\" srcset=\"https:\/\/www.campodicarlo.it\/wp-content\/uploads\/2014\/09\/box5.jpg 600w, https:\/\/www.campodicarlo.it\/wp-content\/uploads\/2014\/09\/box5-300x200.jpg 300w\" sizes=\"(max-width: 600px) 100vw, 600px\" \/><\/a><div class=\"item-content\"><h4><a href=\"\/de\/weinstrasse-der-etrusker-kueste\/\">Wein und Essen Routen<\/a><\/h4><p>Neben der Sch\u00f6nheit der Toskana, der Geschmack und der Geruch von Aromen.<\/p><\/div><\/div><div class='item'><a href=\"\/de\/sassetta\/\" class=\"link-image\" title=\"Spa und Wellness\"><img width=\"600\" height=\"400\" src=\"https:\/\/www.campodicarlo.it\/wp-content\/uploads\/2014\/09\/box6.jpg\" class=\"attachment-large size-large\" alt=\"\" loading=\"lazy\" srcset=\"https:\/\/www.campodicarlo.it\/wp-content\/uploads\/2014\/09\/box6.jpg 600w, https:\/\/www.campodicarlo.it\/wp-content\/uploads\/2014\/09\/box6-300x200.jpg 300w\" sizes=\"(max-width: 600px) 100vw, 600px\" \/><\/a><div class=\"item-content\"><h4><a href=\"\/de\/sassetta\/\">Spa und Wellness<\/a><\/h4><p>Nicht weit von uns sind die Thermen von Calidario Venturina mit Thermalsee und Spa. <\/p><\/div><\/div><div class='item'><a href=\"\/de\/fahrradtourismus\/\" class=\"link-image\" title=\"Fahrradurlaub\"><img width=\"600\" height=\"400\" src=\"https:\/\/www.campodicarlo.it\/wp-content\/uploads\/2014\/09\/box7.jpg\" class=\"attachment-large size-large\" alt=\"\" loading=\"lazy\" srcset=\"https:\/\/www.campodicarlo.it\/wp-content\/uploads\/2014\/09\/box7.jpg 600w, https:\/\/www.campodicarlo.it\/wp-content\/uploads\/2014\/09\/box7-300x200.jpg 300w\" sizes=\"(max-width: 600px) 100vw, 600px\" \/><\/a><div class=\"item-content\"><h4><a href=\"\/de\/fahrradtourismus\/\">Fahrradurlaub<\/a><\/h4><p>Am Campo Carlo werden Karten mit Routen, Schwierigkeitsgraden 'und Kilometer zu finden<\/p><\/div><\/div><\/div><script type='text\/javascript'>( function( $ ) {\n\t\t\t\t\t\t\n\t\t\t\t$( document ).ready(function() {\n\t\t\t\t    $('#services_carousel_0').owlCarousel({\n\t\t\t\t    \titems\t\t\t\t: 4,\n\t\t\t\t    \tmargin\t\t\t\t: 20,\n\t\t\t\t    \tnav\t\t\t\t\t: true,\n\t\t\t\t    \tnavText\t\t\t\t: [\"Next\",\"Prev\"],\n\t\t\t\t    \tloop \t\t\t\t: false,\n\t\t\t\t    \tautoplay \t\t\t: true,\n\t\t\t\t    \tautoplayTimeout\t\t: 2000,\n\t\t\t\t    \tautoplayHoverPause\t: false,\n\t\t\t\t    \tresponsive\t\t\t: {\n\t\t\t\t    \t\t0 : {\n\t\t\t\t    \t\t\titems \t: 1,\n\t\t\t\t    \t\t\tdots\t: false,\n\t\t\t\t    \t\t\tnav\t\t: true\n\t\t\t\t    \t\t},\n\t\t\t\t    \t\t767 : {\n\t\t\t\t    \t\t\titems \t: 2,\n\t\t\t\t    \t\t\tdots\t: false\n\t\t\t\t    \t\t},\n\t\t\t\t    \t\t992 : {\n\t\t\t\t    \t\t\titems \t: 4,\n\t\t\t\t    \t\t\tdots\t: false\n\t\t\t\t    \t\t}\n\t\t\t\t    \t}\n\t\t\t\t    });\n\t\t\t\t});\n\t\t\t\t\t\t\n\t\t\t} )( jQuery );<\/script>\n<p>[\/vc_column_text][\/vc_column][\/vc_row]<\/p>\n","protected":false},"excerpt":{"rendered":"<p>[vc_row][vc_column width=&#8220;1\/2&#8243;][vc_gallery images=&#8220;1780&#8243; onclick=&#8220;link_image&#8220; custom_links_target=&#8220;_self&#8220; columns=&#8220;1&#8243; img_size=&#8220;large&#8220;][\/vc_column][vc_column width=&#8220;1\/2&#8243;][vc_column_text]Das Dorf Sassetta auf einem H\u00fcgel, von dem Sie eine sch\u00f6ne Aussicht auf [&hellip;]<\/p>\n","protected":false},"author":1,"featured_media":0,"parent":0,"menu_order":0,"comment_status":"closed","ping_status":"closed","template":"page-templates\/page-fullwidth.php","meta":{"_expiration-date-status":"","_expiration-date":0,"_expiration-date-type":"","_expiration-date-categories":[],"_expiration-date-options":[]},"yoast_head":"<!-- This site is optimized with the Yoast SEO plugin v19.9 - https:\/\/yoast.com\/wordpress\/plugins\/seo\/ -->\n<title>Sassetta: ein ideales Land f\u00fcr einen Urlaub in der Toskana<\/title>\n<meta name=\"description\" content=\"Die Stadt Sassetta, in den sanften H\u00fcgeln nur wenige Schritte von der etruskischen K\u00fcste, ist das Resort ideal f\u00fcr einen Urlaub der Entspannung, Natur und gutes Essen.\" \/>\n<meta name=\"robots\" content=\"index, follow, max-snippet:-1, max-image-preview:large, max-video-preview:-1\" \/>\n<link rel=\"canonical\" href=\"https:\/\/www.campodicarlo.it\/de\/sassetta\/\" \/>\n<meta property=\"og:locale\" content=\"de_DE\" \/>\n<meta property=\"og:type\" content=\"article\" \/>\n<meta property=\"og:title\" content=\"Sassetta: ein ideales Land f\u00fcr einen Urlaub in der Toskana\" \/>\n<meta property=\"og:description\" content=\"Die Stadt Sassetta, in den sanften H\u00fcgeln nur wenige Schritte von der etruskischen K\u00fcste, ist das Resort ideal f\u00fcr einen Urlaub der Entspannung, Natur und gutes Essen.\" \/>\n<meta property=\"og:url\" content=\"https:\/\/www.campodicarlo.it\/de\/sassetta\/\" \/>\n<meta property=\"og:site_name\" content=\"Campo di Carlo\" \/>\n<meta property=\"article:publisher\" content=\"https:\/\/www.facebook.com\/cristina.c.carlo\/\" \/>\n<meta property=\"article:modified_time\" content=\"2015-11-05T09:06:32+00:00\" \/>\n<meta name=\"twitter:card\" content=\"summary_large_image\" \/>\n<meta name=\"twitter:label1\" content=\"Gesch\u00e4tzte Lesezeit\" \/>\n\t<meta name=\"twitter:data1\" content=\"3\u00a0Minuten\" \/>\n<script type=\"application\/ld+json\" class=\"yoast-schema-graph\">{\"@context\":\"https:\/\/schema.org\",\"@graph\":[{\"@type\":\"WebPage\",\"@id\":\"https:\/\/www.campodicarlo.it\/de\/sassetta\/\",\"url\":\"https:\/\/www.campodicarlo.it\/de\/sassetta\/\",\"name\":\"Sassetta: ein ideales Land f\u00fcr einen Urlaub in der Toskana\",\"isPartOf\":{\"@id\":\"https:\/\/www.campodicarlo.it\/de\/#website\"},\"datePublished\":\"2015-09-16T13:39:47+00:00\",\"dateModified\":\"2015-11-05T09:06:32+00:00\",\"description\":\"Die Stadt Sassetta, in den sanften H\u00fcgeln nur wenige Schritte von der etruskischen K\u00fcste, ist das Resort ideal f\u00fcr einen Urlaub der Entspannung, Natur und gutes Essen.\",\"breadcrumb\":{\"@id\":\"https:\/\/www.campodicarlo.it\/de\/sassetta\/#breadcrumb\"},\"inLanguage\":\"de\",\"potentialAction\":[{\"@type\":\"ReadAction\",\"target\":[\"https:\/\/www.campodicarlo.it\/de\/sassetta\/\"]}]},{\"@type\":\"BreadcrumbList\",\"@id\":\"https:\/\/www.campodicarlo.it\/de\/sassetta\/#breadcrumb\",\"itemListElement\":[{\"@type\":\"ListItem\",\"position\":1,\"name\":\"Home\",\"item\":\"https:\/\/www.campodicarlo.it\/de\/\"},{\"@type\":\"ListItem\",\"position\":2,\"name\":\"Sassetta: ein ideales Land f\u00fcr einen Urlaub in der Toskana\"}]},{\"@type\":\"WebSite\",\"@id\":\"https:\/\/www.campodicarlo.it\/de\/#website\",\"url\":\"https:\/\/www.campodicarlo.it\/de\/\",\"name\":\"Campo di Carlo\",\"description\":\"\",\"potentialAction\":[{\"@type\":\"SearchAction\",\"target\":{\"@type\":\"EntryPoint\",\"urlTemplate\":\"https:\/\/www.campodicarlo.it\/de\/?s={search_term_string}\"},\"query-input\":\"required name=search_term_string\"}],\"inLanguage\":\"de\"}]}<\/script>\n<!-- \/ Yoast SEO plugin. -->","yoast_head_json":{"title":"Sassetta: ein ideales Land f\u00fcr einen Urlaub in der Toskana","description":"Die Stadt Sassetta, in den sanften H\u00fcgeln nur wenige Schritte von der etruskischen K\u00fcste, ist das Resort ideal f\u00fcr einen Urlaub der Entspannung, Natur und gutes Essen.","robots":{"index":"index","follow":"follow","max-snippet":"max-snippet:-1","max-image-preview":"max-image-preview:large","max-video-preview":"max-video-preview:-1"},"canonical":"https:\/\/www.campodicarlo.it\/de\/sassetta\/","og_locale":"de_DE","og_type":"article","og_title":"Sassetta: ein ideales Land f\u00fcr einen Urlaub in der Toskana","og_description":"Die Stadt Sassetta, in den sanften H\u00fcgeln nur wenige Schritte von der etruskischen K\u00fcste, ist das Resort ideal f\u00fcr einen Urlaub der Entspannung, Natur und gutes Essen.","og_url":"https:\/\/www.campodicarlo.it\/de\/sassetta\/","og_site_name":"Campo di Carlo","article_publisher":"https:\/\/www.facebook.com\/cristina.c.carlo\/","article_modified_time":"2015-11-05T09:06:32+00:00","twitter_card":"summary_large_image","twitter_misc":{"Gesch\u00e4tzte Lesezeit":"3\u00a0Minuten"},"schema":{"@context":"https:\/\/schema.org","@graph":[{"@type":"WebPage","@id":"https:\/\/www.campodicarlo.it\/de\/sassetta\/","url":"https:\/\/www.campodicarlo.it\/de\/sassetta\/","name":"Sassetta: ein ideales Land f\u00fcr einen Urlaub in der Toskana","isPartOf":{"@id":"https:\/\/www.campodicarlo.it\/de\/#website"},"datePublished":"2015-09-16T13:39:47+00:00","dateModified":"2015-11-05T09:06:32+00:00","description":"Die Stadt Sassetta, in den sanften H\u00fcgeln nur wenige Schritte von der etruskischen K\u00fcste, ist das Resort ideal f\u00fcr einen Urlaub der Entspannung, Natur und gutes Essen.","breadcrumb":{"@id":"https:\/\/www.campodicarlo.it\/de\/sassetta\/#breadcrumb"},"inLanguage":"de","potentialAction":[{"@type":"ReadAction","target":["https:\/\/www.campodicarlo.it\/de\/sassetta\/"]}]},{"@type":"BreadcrumbList","@id":"https:\/\/www.campodicarlo.it\/de\/sassetta\/#breadcrumb","itemListElement":[{"@type":"ListItem","position":1,"name":"Home","item":"https:\/\/www.campodicarlo.it\/de\/"},{"@type":"ListItem","position":2,"name":"Sassetta: ein ideales Land f\u00fcr einen Urlaub in der Toskana"}]},{"@type":"WebSite","@id":"https:\/\/www.campodicarlo.it\/de\/#website","url":"https:\/\/www.campodicarlo.it\/de\/","name":"Campo di Carlo","description":"","potentialAction":[{"@type":"SearchAction","target":{"@type":"EntryPoint","urlTemplate":"https:\/\/www.campodicarlo.it\/de\/?s={search_term_string}"},"query-input":"required name=search_term_string"}],"inLanguage":"de"}]}},"_links":{"self":[{"href":"https:\/\/www.campodicarlo.it\/de\/wp-json\/wp\/v2\/pages\/1883"}],"collection":[{"href":"https:\/\/www.campodicarlo.it\/de\/wp-json\/wp\/v2\/pages"}],"about":[{"href":"https:\/\/www.campodicarlo.it\/de\/wp-json\/wp\/v2\/types\/page"}],"author":[{"embeddable":true,"href":"https:\/\/www.campodicarlo.it\/de\/wp-json\/wp\/v2\/users\/1"}],"replies":[{"embeddable":true,"href":"https:\/\/www.campodicarlo.it\/de\/wp-json\/wp\/v2\/comments?post=1883"}],"version-history":[{"count":0,"href":"https:\/\/www.campodicarlo.it\/de\/wp-json\/wp\/v2\/pages\/1883\/revisions"}],"wp:attachment":[{"href":"https:\/\/www.campodicarlo.it\/de\/wp-json\/wp\/v2\/media?parent=1883"}],"curies":[{"name":"wp","href":"https:\/\/api.w.org\/{rel}","templated":true}]}}