{"id":1895,"date":"2015-09-16T17:17:57","date_gmt":"2015-09-16T15:17:57","guid":{"rendered":"http:\/\/www.campodicarlo.it\/prices-farm-tuscany-2\/"},"modified":"2023-06-06T10:29:12","modified_gmt":"2023-06-06T08:29:12","slug":"preise-toskana-landhotel-pool","status":"publish","type":"page","link":"https:\/\/www.campodicarlo.it\/de\/preise-toskana-landhotel-pool\/","title":{"rendered":"Preise"},"content":{"rendered":"<p>[vc_row][vc_column width=&#8220;1\/2&#8243;][vc_gallery images=&#8220;1769,1982,2128,2129&#8243; img_size=&#8220;medium&#8220; columns=&#8220;2&#8243;][\/vc_column][vc_column width=&#8220;1\/2&#8243;][vc_column_text]Maximalen Preis pro Person: 90,00 \u20ac<\/p>\n<p>Der Preis beinhaltet:<\/p>\n<p>Fr\u00fchst\u00fcck<br \/>\nK\u00fcchenben\u00fctzung<br \/>\nPool<br \/>\nParkplatz<\/p>\n<p>Nicht in zu enthalten:<br \/>\nKlimaanlage: \u20ac 6,00 pro Zimmer pro Tag<\/p>\n<p>Vereinbarungen mit Therme und Restaurants.<\/p>\n<p>casale casale casale casale casale<br \/>\nDie Stadtverwaltung erhebt eine Stadtsteuer: 1.50 EUR pro Person\/pro Nacht[\/vc_column_text][\/vc_column][\/vc_row][vc_row parallax=&#8220;yes&#8220; css=&#8220;.vc_custom_1442410108803{background-image: url(http:\/\/www.campodicarlo.it\/wp-content\/uploads\/2014\/09\/sfondo8.jpg) !important;background-position: center !important;background-repeat: no-repeat !important;background-size: cover !important;}&#8220; parallax_ratio=&#8220;0.5&#8243; el_class=&#8220;text-center&#8220;][vc_column css=&#8220;.vc_custom_1410859538423{padding: 5.6rem !important;background-color: rgba(255,255,255,0.85) !important;*background-color: rgb(255,255,255) !important;}&#8220;][vc_column_text]<\/p>\n<h2 class=\"text-center\"><small>Entdecken Sie die Umgebung und was ist auf der Farm.<\/small>WAS IST ZU TUN<\/h2><div class=\"services-carousel  owl-with-navigation\" id=\"services_carousel_0\"><div class='item'><a href=\"\/de\/sassetta\/\" class=\"link-image\" title=\"Sassetta\"><img width=\"600\" height=\"400\" src=\"https:\/\/www.campodicarlo.it\/wp-content\/uploads\/2014\/09\/box1.jpg\" class=\"attachment-large size-large\" alt=\"\" loading=\"lazy\" srcset=\"https:\/\/www.campodicarlo.it\/wp-content\/uploads\/2014\/09\/box1.jpg 600w, https:\/\/www.campodicarlo.it\/wp-content\/uploads\/2014\/09\/box1-300x200.jpg 300w\" sizes=\"(max-width: 600px) 100vw, 600px\" \/><\/a><div class=\"item-content\"><h4><a href=\"\/de\/sassetta\/\">Sassetta<\/a><\/h4><p>Sassetta ist ein kleines Dorf umgeben von W\u00e4ldern von Kastanienb\u00e4umen, in dem Sie charmante Wege zu finden, umgeben.<\/p><\/div><\/div><div class='item'><a href=\"\/de\/weinstrasse-der-etrusker-kueste\/\" class=\"link-image\" title=\"Etruskerk\u00fcste\"><img width=\"600\" height=\"400\" src=\"https:\/\/www.campodicarlo.it\/wp-content\/uploads\/2014\/09\/box2.jpg\" class=\"attachment-large size-large\" alt=\"\" loading=\"lazy\" srcset=\"https:\/\/www.campodicarlo.it\/wp-content\/uploads\/2014\/09\/box2.jpg 600w, https:\/\/www.campodicarlo.it\/wp-content\/uploads\/2014\/09\/box2-300x200.jpg 300w\" sizes=\"(max-width: 600px) 100vw, 600px\" \/><\/a><div class=\"item-content\"><h4><a href=\"\/de\/weinstrasse-der-etrusker-kueste\/\">Etruskerk\u00fcste<\/a><\/h4><p>Das Meer vor der K\u00fcste der Etrusker hat mit den blauen Flaggen der Europ\u00e4ischen Union ausgezeichnet.<\/p><\/div><\/div><div class='item'><a href=\"\/de\/baratti\/\" class=\"link-image\" title=\"Baratti\"><img width=\"600\" height=\"400\" src=\"https:\/\/www.campodicarlo.it\/wp-content\/uploads\/2014\/09\/box3.jpg\" class=\"attachment-large size-large\" alt=\"\" loading=\"lazy\" srcset=\"https:\/\/www.campodicarlo.it\/wp-content\/uploads\/2014\/09\/box3.jpg 600w, https:\/\/www.campodicarlo.it\/wp-content\/uploads\/2014\/09\/box3-300x200.jpg 300w\" sizes=\"(max-width: 600px) 100vw, 600px\" \/><\/a><div class=\"item-content\"><h4><a href=\"\/de\/baratti\/\">Baratti<\/a><\/h4><p>J\u00fcngste Ausgrabungen der Akropolis, kann durch einen Spaziergang im Mittelmeer besucht werden.<\/p><\/div><\/div><div class='item'><a href=\"\/de\/die-doerfer-der-toskana\/\" class=\"link-image\" title=\"Borghi Toscani\"><img width=\"600\" height=\"400\" src=\"https:\/\/www.campodicarlo.it\/wp-content\/uploads\/2014\/09\/box4.jpg\" class=\"attachment-large size-large\" alt=\"\" loading=\"lazy\" srcset=\"https:\/\/www.campodicarlo.it\/wp-content\/uploads\/2014\/09\/box4.jpg 600w, https:\/\/www.campodicarlo.it\/wp-content\/uploads\/2014\/09\/box4-300x200.jpg 300w\" sizes=\"(max-width: 600px) 100vw, 600px\" \/><\/a><div class=\"item-content\"><h4><a href=\"\/de\/die-doerfer-der-toskana\/\">Borghi Toscani<\/a><\/h4><p>Sassetta, Bolgheri, Castagneto, Populonia, Suvereto und Campiglia Marittima faszinieren.<\/p><\/div><\/div><div class='item'><a href=\"\/de\/weinstrasse-der-etrusker-kueste\/\" class=\"link-image\" title=\"Wein und Essen Routen\"><img width=\"600\" height=\"400\" src=\"https:\/\/www.campodicarlo.it\/wp-content\/uploads\/2014\/09\/box5.jpg\" class=\"attachment-large size-large\" alt=\"\" loading=\"lazy\" srcset=\"https:\/\/www.campodicarlo.it\/wp-content\/uploads\/2014\/09\/box5.jpg 600w, https:\/\/www.campodicarlo.it\/wp-content\/uploads\/2014\/09\/box5-300x200.jpg 300w\" sizes=\"(max-width: 600px) 100vw, 600px\" \/><\/a><div class=\"item-content\"><h4><a href=\"\/de\/weinstrasse-der-etrusker-kueste\/\">Wein und Essen Routen<\/a><\/h4><p>Neben der Sch\u00f6nheit der Toskana, der Geschmack und der Geruch von Aromen.<\/p><\/div><\/div><div class='item'><a href=\"\/de\/sassetta\/\" class=\"link-image\" title=\"Spa und Wellness\"><img width=\"600\" height=\"400\" src=\"https:\/\/www.campodicarlo.it\/wp-content\/uploads\/2014\/09\/box6.jpg\" class=\"attachment-large size-large\" alt=\"\" loading=\"lazy\" srcset=\"https:\/\/www.campodicarlo.it\/wp-content\/uploads\/2014\/09\/box6.jpg 600w, https:\/\/www.campodicarlo.it\/wp-content\/uploads\/2014\/09\/box6-300x200.jpg 300w\" sizes=\"(max-width: 600px) 100vw, 600px\" \/><\/a><div class=\"item-content\"><h4><a href=\"\/de\/sassetta\/\">Spa und Wellness<\/a><\/h4><p>Nicht weit von uns sind die Thermen von Calidario Venturina mit Thermalsee und Spa. <\/p><\/div><\/div><div class='item'><a href=\"\/de\/fahrradtourismus\/\" class=\"link-image\" title=\"Fahrradurlaub\"><img width=\"600\" height=\"400\" src=\"https:\/\/www.campodicarlo.it\/wp-content\/uploads\/2014\/09\/box7.jpg\" class=\"attachment-large size-large\" alt=\"\" loading=\"lazy\" srcset=\"https:\/\/www.campodicarlo.it\/wp-content\/uploads\/2014\/09\/box7.jpg 600w, https:\/\/www.campodicarlo.it\/wp-content\/uploads\/2014\/09\/box7-300x200.jpg 300w\" sizes=\"(max-width: 600px) 100vw, 600px\" \/><\/a><div class=\"item-content\"><h4><a href=\"\/de\/fahrradtourismus\/\">Fahrradurlaub<\/a><\/h4><p>Am Campo Carlo werden Karten mit Routen, Schwierigkeitsgraden 'und Kilometer zu finden<\/p><\/div><\/div><\/div><script type='text\/javascript'>( function( $ ) {\n\t\t\t\t\t\t\n\t\t\t\t$( document ).ready(function() {\n\t\t\t\t    $('#services_carousel_0').owlCarousel({\n\t\t\t\t    \titems\t\t\t\t: 4,\n\t\t\t\t    \tmargin\t\t\t\t: 20,\n\t\t\t\t    \tnav\t\t\t\t\t: true,\n\t\t\t\t    \tnavText\t\t\t\t: [\"Next\",\"Prev\"],\n\t\t\t\t    \tloop \t\t\t\t: false,\n\t\t\t\t    \tautoplay \t\t\t: true,\n\t\t\t\t    \tautoplayTimeout\t\t: 2000,\n\t\t\t\t    \tautoplayHoverPause\t: false,\n\t\t\t\t    \tresponsive\t\t\t: {\n\t\t\t\t    \t\t0 : {\n\t\t\t\t    \t\t\titems \t: 1,\n\t\t\t\t    \t\t\tdots\t: false,\n\t\t\t\t    \t\t\tnav\t\t: true\n\t\t\t\t    \t\t},\n\t\t\t\t    \t\t767 : {\n\t\t\t\t    \t\t\titems \t: 2,\n\t\t\t\t    \t\t\tdots\t: false\n\t\t\t\t    \t\t},\n\t\t\t\t    \t\t992 : {\n\t\t\t\t    \t\t\titems \t: 4,\n\t\t\t\t    \t\t\tdots\t: false\n\t\t\t\t    \t\t}\n\t\t\t\t    \t}\n\t\t\t\t    });\n\t\t\t\t});\n\t\t\t\t\t\t\n\t\t\t} )( jQuery );<\/script>\n<p>[\/vc_column_text][\/vc_column][\/vc_row]<\/p>\n","protected":false},"excerpt":{"rendered":"<p>[vc_row][vc_column width=&#8220;1\/2&#8243;][vc_gallery images=&#8220;1769,1982,2128,2129&#8243; img_size=&#8220;medium&#8220; columns=&#8220;2&#8243;][\/vc_column][vc_column width=&#8220;1\/2&#8243;][vc_column_text]Maximalen Preis pro Person: 90,00 \u20ac Der Preis beinhaltet: Fr\u00fchst\u00fcck K\u00fcchenben\u00fctzung Pool Parkplatz Nicht in [&hellip;]<\/p>\n","protected":false},"author":1,"featured_media":0,"parent":0,"menu_order":0,"comment_status":"closed","ping_status":"closed","template":"page-templates\/page-fullwidth.php","meta":{"_expiration-date-status":"","_expiration-date":0,"_expiration-date-type":"","_expiration-date-categories":[],"_expiration-date-options":[]},"yoast_head":"<!-- This site is optimized with the Yoast SEO plugin v19.9 - https:\/\/yoast.com\/wordpress\/plugins\/seo\/ -->\n<title>Toskana Landhotel mit Pool: preise<\/title>\n<meta name=\"description\" content=\"Landhotel in der Toskana mit Pool. Der Preis beinhaltet: Fr\u00fchst\u00fcck, K\u00fcche, Pool, Parken. Der Pool ist immer ge\u00f6ffnet von April bis Oktober und hat Nachtbeleuchtung.\" \/>\n<meta name=\"robots\" content=\"index, follow, max-snippet:-1, max-image-preview:large, max-video-preview:-1\" \/>\n<link rel=\"canonical\" href=\"https:\/\/www.campodicarlo.it\/de\/preise-toskana-landhotel-pool\/\" \/>\n<meta property=\"og:locale\" content=\"de_DE\" \/>\n<meta property=\"og:type\" content=\"article\" \/>\n<meta property=\"og:title\" content=\"Toskana Landhotel mit Pool: preise\" \/>\n<meta property=\"og:description\" content=\"Landhotel in der Toskana mit Pool. Der Preis beinhaltet: Fr\u00fchst\u00fcck, K\u00fcche, Pool, Parken. Der Pool ist immer ge\u00f6ffnet von April bis Oktober und hat Nachtbeleuchtung.\" \/>\n<meta property=\"og:url\" content=\"https:\/\/www.campodicarlo.it\/de\/preise-toskana-landhotel-pool\/\" \/>\n<meta property=\"og:site_name\" content=\"Campo di Carlo\" \/>\n<meta property=\"article:publisher\" content=\"https:\/\/www.facebook.com\/cristina.c.carlo\/\" \/>\n<meta property=\"article:modified_time\" content=\"2023-06-06T08:29:12+00:00\" \/>\n<meta name=\"twitter:card\" content=\"summary_large_image\" \/>\n<meta name=\"twitter:label1\" content=\"Gesch\u00e4tzte Lesezeit\" \/>\n\t<meta name=\"twitter:data1\" content=\"2\u00a0Minuten\" \/>\n<script type=\"application\/ld+json\" class=\"yoast-schema-graph\">{\"@context\":\"https:\/\/schema.org\",\"@graph\":[{\"@type\":\"WebPage\",\"@id\":\"https:\/\/www.campodicarlo.it\/de\/preise-toskana-landhotel-pool\/\",\"url\":\"https:\/\/www.campodicarlo.it\/de\/preise-toskana-landhotel-pool\/\",\"name\":\"Toskana Landhotel mit Pool: preise\",\"isPartOf\":{\"@id\":\"https:\/\/www.campodicarlo.it\/de\/#website\"},\"datePublished\":\"2015-09-16T15:17:57+00:00\",\"dateModified\":\"2023-06-06T08:29:12+00:00\",\"description\":\"Landhotel in der Toskana mit Pool. Der Preis beinhaltet: Fr\u00fchst\u00fcck, K\u00fcche, Pool, Parken. Der Pool ist immer ge\u00f6ffnet von April bis Oktober und hat Nachtbeleuchtung.\",\"breadcrumb\":{\"@id\":\"https:\/\/www.campodicarlo.it\/de\/preise-toskana-landhotel-pool\/#breadcrumb\"},\"inLanguage\":\"de\",\"potentialAction\":[{\"@type\":\"ReadAction\",\"target\":[\"https:\/\/www.campodicarlo.it\/de\/preise-toskana-landhotel-pool\/\"]}]},{\"@type\":\"BreadcrumbList\",\"@id\":\"https:\/\/www.campodicarlo.it\/de\/preise-toskana-landhotel-pool\/#breadcrumb\",\"itemListElement\":[{\"@type\":\"ListItem\",\"position\":1,\"name\":\"Home\",\"item\":\"https:\/\/www.campodicarlo.it\/de\/\"},{\"@type\":\"ListItem\",\"position\":2,\"name\":\"Preise\"}]},{\"@type\":\"WebSite\",\"@id\":\"https:\/\/www.campodicarlo.it\/de\/#website\",\"url\":\"https:\/\/www.campodicarlo.it\/de\/\",\"name\":\"Campo di Carlo\",\"description\":\"\",\"potentialAction\":[{\"@type\":\"SearchAction\",\"target\":{\"@type\":\"EntryPoint\",\"urlTemplate\":\"https:\/\/www.campodicarlo.it\/de\/?s={search_term_string}\"},\"query-input\":\"required name=search_term_string\"}],\"inLanguage\":\"de\"}]}<\/script>\n<!-- \/ Yoast SEO plugin. -->","yoast_head_json":{"title":"Toskana Landhotel mit Pool: preise","description":"Landhotel in der Toskana mit Pool. Der Preis beinhaltet: Fr\u00fchst\u00fcck, K\u00fcche, Pool, Parken. Der Pool ist immer ge\u00f6ffnet von April bis Oktober und hat Nachtbeleuchtung.","robots":{"index":"index","follow":"follow","max-snippet":"max-snippet:-1","max-image-preview":"max-image-preview:large","max-video-preview":"max-video-preview:-1"},"canonical":"https:\/\/www.campodicarlo.it\/de\/preise-toskana-landhotel-pool\/","og_locale":"de_DE","og_type":"article","og_title":"Toskana Landhotel mit Pool: preise","og_description":"Landhotel in der Toskana mit Pool. Der Preis beinhaltet: Fr\u00fchst\u00fcck, K\u00fcche, Pool, Parken. Der Pool ist immer ge\u00f6ffnet von April bis Oktober und hat Nachtbeleuchtung.","og_url":"https:\/\/www.campodicarlo.it\/de\/preise-toskana-landhotel-pool\/","og_site_name":"Campo di Carlo","article_publisher":"https:\/\/www.facebook.com\/cristina.c.carlo\/","article_modified_time":"2023-06-06T08:29:12+00:00","twitter_card":"summary_large_image","twitter_misc":{"Gesch\u00e4tzte Lesezeit":"2\u00a0Minuten"},"schema":{"@context":"https:\/\/schema.org","@graph":[{"@type":"WebPage","@id":"https:\/\/www.campodicarlo.it\/de\/preise-toskana-landhotel-pool\/","url":"https:\/\/www.campodicarlo.it\/de\/preise-toskana-landhotel-pool\/","name":"Toskana Landhotel mit Pool: preise","isPartOf":{"@id":"https:\/\/www.campodicarlo.it\/de\/#website"},"datePublished":"2015-09-16T15:17:57+00:00","dateModified":"2023-06-06T08:29:12+00:00","description":"Landhotel in der Toskana mit Pool. Der Preis beinhaltet: Fr\u00fchst\u00fcck, K\u00fcche, Pool, Parken. Der Pool ist immer ge\u00f6ffnet von April bis Oktober und hat Nachtbeleuchtung.","breadcrumb":{"@id":"https:\/\/www.campodicarlo.it\/de\/preise-toskana-landhotel-pool\/#breadcrumb"},"inLanguage":"de","potentialAction":[{"@type":"ReadAction","target":["https:\/\/www.campodicarlo.it\/de\/preise-toskana-landhotel-pool\/"]}]},{"@type":"BreadcrumbList","@id":"https:\/\/www.campodicarlo.it\/de\/preise-toskana-landhotel-pool\/#breadcrumb","itemListElement":[{"@type":"ListItem","position":1,"name":"Home","item":"https:\/\/www.campodicarlo.it\/de\/"},{"@type":"ListItem","position":2,"name":"Preise"}]},{"@type":"WebSite","@id":"https:\/\/www.campodicarlo.it\/de\/#website","url":"https:\/\/www.campodicarlo.it\/de\/","name":"Campo di Carlo","description":"","potentialAction":[{"@type":"SearchAction","target":{"@type":"EntryPoint","urlTemplate":"https:\/\/www.campodicarlo.it\/de\/?s={search_term_string}"},"query-input":"required name=search_term_string"}],"inLanguage":"de"}]}},"_links":{"self":[{"href":"https:\/\/www.campodicarlo.it\/de\/wp-json\/wp\/v2\/pages\/1895"}],"collection":[{"href":"https:\/\/www.campodicarlo.it\/de\/wp-json\/wp\/v2\/pages"}],"about":[{"href":"https:\/\/www.campodicarlo.it\/de\/wp-json\/wp\/v2\/types\/page"}],"author":[{"embeddable":true,"href":"https:\/\/www.campodicarlo.it\/de\/wp-json\/wp\/v2\/users\/1"}],"replies":[{"embeddable":true,"href":"https:\/\/www.campodicarlo.it\/de\/wp-json\/wp\/v2\/comments?post=1895"}],"version-history":[{"count":1,"href":"https:\/\/www.campodicarlo.it\/de\/wp-json\/wp\/v2\/pages\/1895\/revisions"}],"predecessor-version":[{"id":2959,"href":"https:\/\/www.campodicarlo.it\/de\/wp-json\/wp\/v2\/pages\/1895\/revisions\/2959"}],"wp:attachment":[{"href":"https:\/\/www.campodicarlo.it\/de\/wp-json\/wp\/v2\/media?parent=1895"}],"curies":[{"name":"wp","href":"https:\/\/api.w.org\/{rel}","templated":true}]}}