{"id":2067,"date":"2015-10-22T09:20:39","date_gmt":"2015-10-22T07:20:39","guid":{"rendered":"http:\/\/www.campodicarlo.it\/de\/vacanze-in-bicicletta\/"},"modified":"2019-11-12T08:19:13","modified_gmt":"2019-11-12T07:19:13","slug":"fahrradtourismus","status":"publish","type":"page","link":"https:\/\/www.campodicarlo.it\/de\/fahrradtourismus\/","title":{"rendered":"Fahrradtourismus"},"content":{"rendered":"<p><a href=\"https:\/\/www.campodicarlo.it\/wp-content\/uploads\/2019\/11\/ciclisti-aprile-2016-2.jpg\"><img loading=\"lazy\" class=\"aligncenter size-medium wp-image-2691\" src=\"https:\/\/www.campodicarlo.it\/wp-content\/uploads\/2019\/11\/ciclisti-aprile-2016-2-300x169.jpg\" alt=\"\" width=\"300\" height=\"169\" srcset=\"https:\/\/www.campodicarlo.it\/wp-content\/uploads\/2019\/11\/ciclisti-aprile-2016-2-300x169.jpg 300w, https:\/\/www.campodicarlo.it\/wp-content\/uploads\/2019\/11\/ciclisti-aprile-2016-2-768x432.jpg 768w, https:\/\/www.campodicarlo.it\/wp-content\/uploads\/2019\/11\/ciclisti-aprile-2016-2-1024x576.jpg 1024w, https:\/\/www.campodicarlo.it\/wp-content\/uploads\/2019\/11\/ciclisti-aprile-2016-2.jpg 2048w\" sizes=\"(max-width: 300px) 100vw, 300px\" \/><\/a><a href=\"https:\/\/www.campodicarlo.it\/wp-content\/uploads\/2019\/11\/ciclisti-aprile-2016-3.jpg\"><img loading=\"lazy\" class=\"aligncenter size-medium wp-image-2694\" src=\"https:\/\/www.campodicarlo.it\/wp-content\/uploads\/2019\/11\/ciclisti-aprile-2016-3-300x169.jpg\" alt=\"\" width=\"300\" height=\"169\" srcset=\"https:\/\/www.campodicarlo.it\/wp-content\/uploads\/2019\/11\/ciclisti-aprile-2016-3-300x169.jpg 300w, https:\/\/www.campodicarlo.it\/wp-content\/uploads\/2019\/11\/ciclisti-aprile-2016-3-768x432.jpg 768w, https:\/\/www.campodicarlo.it\/wp-content\/uploads\/2019\/11\/ciclisti-aprile-2016-3-1024x576.jpg 1024w, https:\/\/www.campodicarlo.it\/wp-content\/uploads\/2019\/11\/ciclisti-aprile-2016-3.jpg 2048w\" sizes=\"(max-width: 300px) 100vw, 300px\" \/><\/a><a href=\"https:\/\/www.campodicarlo.it\/wp-content\/uploads\/2019\/11\/ciclisti-aprile-2016-4.jpg\"><img loading=\"lazy\" class=\"aligncenter size-medium wp-image-2697\" src=\"https:\/\/www.campodicarlo.it\/wp-content\/uploads\/2019\/11\/ciclisti-aprile-2016-4-300x169.jpg\" alt=\"\" width=\"300\" height=\"169\" srcset=\"https:\/\/www.campodicarlo.it\/wp-content\/uploads\/2019\/11\/ciclisti-aprile-2016-4-300x169.jpg 300w, https:\/\/www.campodicarlo.it\/wp-content\/uploads\/2019\/11\/ciclisti-aprile-2016-4-768x432.jpg 768w, https:\/\/www.campodicarlo.it\/wp-content\/uploads\/2019\/11\/ciclisti-aprile-2016-4-1024x576.jpg 1024w, https:\/\/www.campodicarlo.it\/wp-content\/uploads\/2019\/11\/ciclisti-aprile-2016-4.jpg 2048w\" sizes=\"(max-width: 300px) 100vw, 300px\" \/><\/a><a href=\"https:\/\/www.campodicarlo.it\/wp-content\/uploads\/2019\/11\/ciclisti-aprile-2016-5.jpg\"><img loading=\"lazy\" class=\"aligncenter size-medium wp-image-2700\" src=\"https:\/\/www.campodicarlo.it\/wp-content\/uploads\/2019\/11\/ciclisti-aprile-2016-5-300x169.jpg\" alt=\"\" width=\"300\" height=\"169\" srcset=\"https:\/\/www.campodicarlo.it\/wp-content\/uploads\/2019\/11\/ciclisti-aprile-2016-5-300x169.jpg 300w, https:\/\/www.campodicarlo.it\/wp-content\/uploads\/2019\/11\/ciclisti-aprile-2016-5-768x432.jpg 768w, https:\/\/www.campodicarlo.it\/wp-content\/uploads\/2019\/11\/ciclisti-aprile-2016-5-1024x576.jpg 1024w, https:\/\/www.campodicarlo.it\/wp-content\/uploads\/2019\/11\/ciclisti-aprile-2016-5.jpg 2048w\" sizes=\"(max-width: 300px) 100vw, 300px\" \/><\/a><a href=\"https:\/\/www.campodicarlo.it\/wp-content\/uploads\/2019\/11\/ciclisti-aprile-2016-6.jpg\"><img loading=\"lazy\" class=\"aligncenter size-medium wp-image-2703\" src=\"https:\/\/www.campodicarlo.it\/wp-content\/uploads\/2019\/11\/ciclisti-aprile-2016-6-300x169.jpg\" alt=\"\" width=\"300\" height=\"169\" srcset=\"https:\/\/www.campodicarlo.it\/wp-content\/uploads\/2019\/11\/ciclisti-aprile-2016-6-300x169.jpg 300w, https:\/\/www.campodicarlo.it\/wp-content\/uploads\/2019\/11\/ciclisti-aprile-2016-6-768x432.jpg 768w, https:\/\/www.campodicarlo.it\/wp-content\/uploads\/2019\/11\/ciclisti-aprile-2016-6-1024x576.jpg 1024w, https:\/\/www.campodicarlo.it\/wp-content\/uploads\/2019\/11\/ciclisti-aprile-2016-6.jpg 2048w\" sizes=\"(max-width: 300px) 100vw, 300px\" \/><\/a>[vc_row][vc_column width=&#8220;1\/2&#8243;][vc_gallery images=&#8220;2059,2060,2061,2062,2063&#8243; onclick=&#8220;link_image&#8220; custom_links_target=&#8220;_self&#8220; columns=&#8220;3&#8243; img_size=&#8220;medium&#8220;][\/vc_column][vc_column width=&#8220;1\/2&#8243;][vc_column_text]Campo di Carlo ist der perfekte Ausgangspunkt f\u00fcr diejenigen, die Ihren Urlaub mit den MTB an der Etruskerk\u00fcste &#8211; Toskana verbringen m\u00f6chten.<\/p>\n<p>Unser Bike-Hotel in der Toskana liegt inmitten des Sassetta Trekking Gebiet und bietet viele\u00a0 Strecken im Wald f\u00fcr die verschiedene Levels.<\/p>\n<p>Wir bieten unseren Kunden MTB-Routen aller Schwierigkeitsgrade. Vom Sassetta Trekking Gebiet\u00a0 kann man auf alten Maultierpfaden und Wegen durch die typische mediterrane Landschaft fahren und einen herrlichen Ausblick genie\u00dfen. Man kann\u00a0 sogar wilde Lilien und im Tal delle Vigne die einzige schwarze Orchidee entdecken.<\/p>\n<p>Die Etruskerk\u00fcste ist der ideale Rahmen f\u00fcr Ihre Fahrradtouren in der Toskana, nicht\u00a0 nur mit dem Mountainbike, sondern auch mit dem Rennrad. Fahren Sie auf\u00a0 Strassen ohne Verkehr von\u00a0 mittelalterlichen D\u00f6rfern bis zu den sch\u00f6nsten Str\u00e4nden.<\/p>\n<p>Fahrradtourismus in Campo di Carlo ist nicht nur durch unsere Umgebung radeln, sondern nach der R\u00fcckkehr die\u00a0 traditionelle toskanische K\u00fcche\u00a0 ausprobieren,\u00a0 in die wundersch\u00f6nen Sassetta Therme eintauchen (die nur 2 Km entfernt sind und f\u00fcr unsere G\u00e4ste Verg\u00fcnstigung anbietet)\u00a0 oder\u00a0 f\u00fcr die Arch\u00e4ologie Liebhaber sogar die M\u00f6glichkeit die Spuren\u00a0 der\u00a0 Etrusker -Kultur zu bewundern.<\/p>\n<p>Unser gutes Klima und die tollen Str\u00e4nde werden auch Ihren Kindern und Begleiterinnen, die vielleicht nicht mitradeln m\u00f6chten, einen wundersch\u00f6nen Urlaub bescheren<\/p>\n<p>[\/vc_column_text][\/vc_column][\/vc_row][vc_row][vc_column width=&#8220;1\/1&#8243;][vc_custom_heading text=&#8220;Fahrradstrecken Sassetta&#8220; font_container=&#8220;tag:h2|text_align:center&#8220; google_fonts=&#8220;font_family:Abril%20Fatface%3Aregular|font_style:400%20regular%3A400%3Anormal&#8220;][vc_separator color=&#8220;grey&#8220; align=&#8220;align_center&#8220;][vc_column_text]<div id=\"cicloturismocomapi\"><\/div><script type=\"text\/javascript\" src=\"http:\/\/www.cicloturismo.com\/api\/easyXDM.min.js\"><\/script><script type=\"text\/javascript\" src=\"http:\/\/www.cicloturismo.com\/api\/api-wp.js?ht=3A2615225B5B7D1603167C02150C1D3D051D020C133E0E5A0819&lingua=it&larghezza=0&id=4888\"><\/script><\/p>\n<p>[\/vc_column_text][\/vc_column][\/vc_row][vc_row css=&#8220;.vc_custom_1442410108803{background-image: url(http:\/\/www.campodicarlo.it\/wp-content\/uploads\/2014\/09\/sfondo8.jpg) !important;background-position: center !important;background-repeat: no-repeat !important;background-size: cover !important;}&#8220; parallax=&#8220;yes&#8220; parallax_ratio=&#8220;0.5&#8243; el_class=&#8220;text-center&#8220; parallax_layers=&#8220;&#8220; style_images=&#8220;&#8220;][vc_column width=&#8220;1\/1&#8243; css=&#8220;.vc_custom_1410859538423{padding: 5.6rem !important;background-color: rgba(255,255,255,0.85) !important;*background-color: rgb(255,255,255) !important;}&#8220;][vc_column_text]<\/p>\n<h2 class=\"text-center\"><small>Entdecken Sie die Umgebung und was ist auf der Farm.<\/small>WAS IST ZU TUN<\/h2><div class=\"services-carousel  owl-with-navigation\" id=\"services_carousel_0\"><div class='item'><a href=\"\/de\/sassetta\/\" class=\"link-image\" title=\"Sassetta\"><img width=\"600\" height=\"400\" src=\"https:\/\/www.campodicarlo.it\/wp-content\/uploads\/2014\/09\/box1.jpg\" class=\"attachment-large size-large\" alt=\"\" loading=\"lazy\" srcset=\"https:\/\/www.campodicarlo.it\/wp-content\/uploads\/2014\/09\/box1.jpg 600w, https:\/\/www.campodicarlo.it\/wp-content\/uploads\/2014\/09\/box1-300x200.jpg 300w\" sizes=\"(max-width: 600px) 100vw, 600px\" \/><\/a><div class=\"item-content\"><h4><a href=\"\/de\/sassetta\/\">Sassetta<\/a><\/h4><p>Sassetta ist ein kleines Dorf umgeben von W\u00e4ldern von Kastanienb\u00e4umen, in dem Sie charmante Wege zu finden, umgeben.<\/p><\/div><\/div><div class='item'><a href=\"\/de\/weinstrasse-der-etrusker-kueste\/\" class=\"link-image\" title=\"Etruskerk\u00fcste\"><img width=\"600\" height=\"400\" src=\"https:\/\/www.campodicarlo.it\/wp-content\/uploads\/2014\/09\/box2.jpg\" class=\"attachment-large size-large\" alt=\"\" loading=\"lazy\" srcset=\"https:\/\/www.campodicarlo.it\/wp-content\/uploads\/2014\/09\/box2.jpg 600w, https:\/\/www.campodicarlo.it\/wp-content\/uploads\/2014\/09\/box2-300x200.jpg 300w\" sizes=\"(max-width: 600px) 100vw, 600px\" \/><\/a><div class=\"item-content\"><h4><a href=\"\/de\/weinstrasse-der-etrusker-kueste\/\">Etruskerk\u00fcste<\/a><\/h4><p>Das Meer vor der K\u00fcste der Etrusker hat mit den blauen Flaggen der Europ\u00e4ischen Union ausgezeichnet.<\/p><\/div><\/div><div class='item'><a href=\"\/de\/baratti\/\" class=\"link-image\" title=\"Baratti\"><img width=\"600\" height=\"400\" src=\"https:\/\/www.campodicarlo.it\/wp-content\/uploads\/2014\/09\/box3.jpg\" class=\"attachment-large size-large\" alt=\"\" loading=\"lazy\" srcset=\"https:\/\/www.campodicarlo.it\/wp-content\/uploads\/2014\/09\/box3.jpg 600w, https:\/\/www.campodicarlo.it\/wp-content\/uploads\/2014\/09\/box3-300x200.jpg 300w\" sizes=\"(max-width: 600px) 100vw, 600px\" \/><\/a><div class=\"item-content\"><h4><a href=\"\/de\/baratti\/\">Baratti<\/a><\/h4><p>J\u00fcngste Ausgrabungen der Akropolis, kann durch einen Spaziergang im Mittelmeer besucht werden.<\/p><\/div><\/div><div class='item'><a href=\"\/de\/die-doerfer-der-toskana\/\" class=\"link-image\" title=\"Borghi Toscani\"><img width=\"600\" height=\"400\" src=\"https:\/\/www.campodicarlo.it\/wp-content\/uploads\/2014\/09\/box4.jpg\" class=\"attachment-large size-large\" alt=\"\" loading=\"lazy\" srcset=\"https:\/\/www.campodicarlo.it\/wp-content\/uploads\/2014\/09\/box4.jpg 600w, https:\/\/www.campodicarlo.it\/wp-content\/uploads\/2014\/09\/box4-300x200.jpg 300w\" sizes=\"(max-width: 600px) 100vw, 600px\" \/><\/a><div class=\"item-content\"><h4><a href=\"\/de\/die-doerfer-der-toskana\/\">Borghi Toscani<\/a><\/h4><p>Sassetta, Bolgheri, Castagneto, Populonia, Suvereto und Campiglia Marittima faszinieren.<\/p><\/div><\/div><div class='item'><a href=\"\/de\/weinstrasse-der-etrusker-kueste\/\" class=\"link-image\" title=\"Wein und Essen Routen\"><img width=\"600\" height=\"400\" src=\"https:\/\/www.campodicarlo.it\/wp-content\/uploads\/2014\/09\/box5.jpg\" class=\"attachment-large size-large\" alt=\"\" loading=\"lazy\" srcset=\"https:\/\/www.campodicarlo.it\/wp-content\/uploads\/2014\/09\/box5.jpg 600w, https:\/\/www.campodicarlo.it\/wp-content\/uploads\/2014\/09\/box5-300x200.jpg 300w\" sizes=\"(max-width: 600px) 100vw, 600px\" \/><\/a><div class=\"item-content\"><h4><a href=\"\/de\/weinstrasse-der-etrusker-kueste\/\">Wein und Essen Routen<\/a><\/h4><p>Neben der Sch\u00f6nheit der Toskana, der Geschmack und der Geruch von Aromen.<\/p><\/div><\/div><div class='item'><a href=\"\/de\/sassetta\/\" class=\"link-image\" title=\"Spa und Wellness\"><img width=\"600\" height=\"400\" src=\"https:\/\/www.campodicarlo.it\/wp-content\/uploads\/2014\/09\/box6.jpg\" class=\"attachment-large size-large\" alt=\"\" loading=\"lazy\" srcset=\"https:\/\/www.campodicarlo.it\/wp-content\/uploads\/2014\/09\/box6.jpg 600w, https:\/\/www.campodicarlo.it\/wp-content\/uploads\/2014\/09\/box6-300x200.jpg 300w\" sizes=\"(max-width: 600px) 100vw, 600px\" \/><\/a><div class=\"item-content\"><h4><a href=\"\/de\/sassetta\/\">Spa und Wellness<\/a><\/h4><p>Nicht weit von uns sind die Thermen von Calidario Venturina mit Thermalsee und Spa. <\/p><\/div><\/div><div class='item'><a href=\"\/de\/fahrradtourismus\/\" class=\"link-image\" title=\"Fahrradurlaub\"><img width=\"600\" height=\"400\" src=\"https:\/\/www.campodicarlo.it\/wp-content\/uploads\/2014\/09\/box7.jpg\" class=\"attachment-large size-large\" alt=\"\" loading=\"lazy\" srcset=\"https:\/\/www.campodicarlo.it\/wp-content\/uploads\/2014\/09\/box7.jpg 600w, https:\/\/www.campodicarlo.it\/wp-content\/uploads\/2014\/09\/box7-300x200.jpg 300w\" sizes=\"(max-width: 600px) 100vw, 600px\" \/><\/a><div class=\"item-content\"><h4><a href=\"\/de\/fahrradtourismus\/\">Fahrradurlaub<\/a><\/h4><p>Am Campo Carlo werden Karten mit Routen, Schwierigkeitsgraden 'und Kilometer zu finden<\/p><\/div><\/div><\/div><script type='text\/javascript'>( function( $ ) {\n\t\t\t\t\t\t\n\t\t\t\t$( document ).ready(function() {\n\t\t\t\t    $('#services_carousel_0').owlCarousel({\n\t\t\t\t    \titems\t\t\t\t: 4,\n\t\t\t\t    \tmargin\t\t\t\t: 20,\n\t\t\t\t    \tnav\t\t\t\t\t: true,\n\t\t\t\t    \tnavText\t\t\t\t: [\"Next\",\"Prev\"],\n\t\t\t\t    \tloop \t\t\t\t: false,\n\t\t\t\t    \tautoplay \t\t\t: true,\n\t\t\t\t    \tautoplayTimeout\t\t: 2000,\n\t\t\t\t    \tautoplayHoverPause\t: false,\n\t\t\t\t    \tresponsive\t\t\t: {\n\t\t\t\t    \t\t0 : {\n\t\t\t\t    \t\t\titems \t: 1,\n\t\t\t\t    \t\t\tdots\t: false,\n\t\t\t\t    \t\t\tnav\t\t: true\n\t\t\t\t    \t\t},\n\t\t\t\t    \t\t767 : {\n\t\t\t\t    \t\t\titems \t: 2,\n\t\t\t\t    \t\t\tdots\t: false\n\t\t\t\t    \t\t},\n\t\t\t\t    \t\t992 : {\n\t\t\t\t    \t\t\titems \t: 4,\n\t\t\t\t    \t\t\tdots\t: false\n\t\t\t\t    \t\t}\n\t\t\t\t    \t}\n\t\t\t\t    });\n\t\t\t\t});\n\t\t\t\t\t\t\n\t\t\t} )( jQuery );<\/script>\n<p>[\/vc_column_text][\/vc_column][\/vc_row]<\/p>\n","protected":false},"excerpt":{"rendered":"<p>[vc_row][vc_column width=&#8220;1\/2&#8243;][vc_gallery images=&#8220;2059,2060,2061,2062,2063&#8243; onclick=&#8220;link_image&#8220; custom_links_target=&#8220;_self&#8220; columns=&#8220;3&#8243; img_size=&#8220;medium&#8220;][\/vc_column][vc_column width=&#8220;1\/2&#8243;][vc_column_text]Campo di Carlo ist der perfekte Ausgangspunkt f\u00fcr diejenigen, die Ihren Urlaub mit [&hellip;]<\/p>\n","protected":false},"author":1,"featured_media":0,"parent":0,"menu_order":0,"comment_status":"closed","ping_status":"closed","template":"","meta":{"_expiration-date-status":"saved","_expiration-date":0,"_expiration-date-type":"","_expiration-date-categories":[],"_expiration-date-options":[]},"yoast_head":"<!-- This site is optimized with the Yoast SEO plugin v19.9 - https:\/\/yoast.com\/wordpress\/plugins\/seo\/ -->\n<title>Fahrradtourismus - Campo di Carlo<\/title>\n<meta name=\"robots\" content=\"index, follow, max-snippet:-1, max-image-preview:large, max-video-preview:-1\" \/>\n<link rel=\"canonical\" href=\"https:\/\/www.campodicarlo.it\/de\/fahrradtourismus\/\" \/>\n<meta property=\"og:locale\" content=\"de_DE\" \/>\n<meta property=\"og:type\" content=\"article\" \/>\n<meta property=\"og:title\" content=\"Fahrradtourismus - Campo di Carlo\" \/>\n<meta property=\"og:description\" content=\"[vc_row][vc_column width=&#8220;1\/2&#8243;][vc_gallery images=&#8220;2059,2060,2061,2062,2063&#8243; onclick=&#8220;link_image&#8220; custom_links_target=&#8220;_self&#8220; columns=&#8220;3&#8243; img_size=&#8220;medium&#8220;][\/vc_column][vc_column width=&#8220;1\/2&#8243;][vc_column_text]Campo di Carlo ist der perfekte Ausgangspunkt f\u00fcr diejenigen, die Ihren Urlaub mit [&hellip;]\" \/>\n<meta property=\"og:url\" content=\"https:\/\/www.campodicarlo.it\/de\/fahrradtourismus\/\" \/>\n<meta property=\"og:site_name\" content=\"Campo di Carlo\" \/>\n<meta property=\"article:publisher\" content=\"https:\/\/www.facebook.com\/cristina.c.carlo\/\" \/>\n<meta property=\"article:modified_time\" content=\"2019-11-12T07:19:13+00:00\" \/>\n<meta property=\"og:image\" content=\"https:\/\/www.campodicarlo.it\/wp-content\/uploads\/2019\/11\/ciclisti-aprile-2016-2-300x169.jpg\" \/>\n<meta name=\"twitter:card\" content=\"summary_large_image\" \/>\n<meta name=\"twitter:label1\" content=\"Gesch\u00e4tzte Lesezeit\" \/>\n\t<meta name=\"twitter:data1\" content=\"3\u00a0Minuten\" \/>\n<script type=\"application\/ld+json\" class=\"yoast-schema-graph\">{\"@context\":\"https:\/\/schema.org\",\"@graph\":[{\"@type\":\"WebPage\",\"@id\":\"https:\/\/www.campodicarlo.it\/de\/fahrradtourismus\/\",\"url\":\"https:\/\/www.campodicarlo.it\/de\/fahrradtourismus\/\",\"name\":\"Fahrradtourismus - Campo di Carlo\",\"isPartOf\":{\"@id\":\"https:\/\/www.campodicarlo.it\/de\/#website\"},\"datePublished\":\"2015-10-22T07:20:39+00:00\",\"dateModified\":\"2019-11-12T07:19:13+00:00\",\"breadcrumb\":{\"@id\":\"https:\/\/www.campodicarlo.it\/de\/fahrradtourismus\/#breadcrumb\"},\"inLanguage\":\"de\",\"potentialAction\":[{\"@type\":\"ReadAction\",\"target\":[\"https:\/\/www.campodicarlo.it\/de\/fahrradtourismus\/\"]}]},{\"@type\":\"BreadcrumbList\",\"@id\":\"https:\/\/www.campodicarlo.it\/de\/fahrradtourismus\/#breadcrumb\",\"itemListElement\":[{\"@type\":\"ListItem\",\"position\":1,\"name\":\"Home\",\"item\":\"https:\/\/www.campodicarlo.it\/de\/\"},{\"@type\":\"ListItem\",\"position\":2,\"name\":\"Fahrradtourismus\"}]},{\"@type\":\"WebSite\",\"@id\":\"https:\/\/www.campodicarlo.it\/de\/#website\",\"url\":\"https:\/\/www.campodicarlo.it\/de\/\",\"name\":\"Campo di Carlo\",\"description\":\"\",\"potentialAction\":[{\"@type\":\"SearchAction\",\"target\":{\"@type\":\"EntryPoint\",\"urlTemplate\":\"https:\/\/www.campodicarlo.it\/de\/?s={search_term_string}\"},\"query-input\":\"required name=search_term_string\"}],\"inLanguage\":\"de\"}]}<\/script>\n<!-- \/ Yoast SEO plugin. -->","yoast_head_json":{"title":"Fahrradtourismus - Campo di Carlo","robots":{"index":"index","follow":"follow","max-snippet":"max-snippet:-1","max-image-preview":"max-image-preview:large","max-video-preview":"max-video-preview:-1"},"canonical":"https:\/\/www.campodicarlo.it\/de\/fahrradtourismus\/","og_locale":"de_DE","og_type":"article","og_title":"Fahrradtourismus - Campo di Carlo","og_description":"[vc_row][vc_column width=&#8220;1\/2&#8243;][vc_gallery images=&#8220;2059,2060,2061,2062,2063&#8243; onclick=&#8220;link_image&#8220; custom_links_target=&#8220;_self&#8220; columns=&#8220;3&#8243; img_size=&#8220;medium&#8220;][\/vc_column][vc_column width=&#8220;1\/2&#8243;][vc_column_text]Campo di Carlo ist der perfekte Ausgangspunkt f\u00fcr diejenigen, die Ihren Urlaub mit [&hellip;]","og_url":"https:\/\/www.campodicarlo.it\/de\/fahrradtourismus\/","og_site_name":"Campo di Carlo","article_publisher":"https:\/\/www.facebook.com\/cristina.c.carlo\/","article_modified_time":"2019-11-12T07:19:13+00:00","og_image":[{"url":"https:\/\/www.campodicarlo.it\/wp-content\/uploads\/2019\/11\/ciclisti-aprile-2016-2-300x169.jpg"}],"twitter_card":"summary_large_image","twitter_misc":{"Gesch\u00e4tzte Lesezeit":"3\u00a0Minuten"},"schema":{"@context":"https:\/\/schema.org","@graph":[{"@type":"WebPage","@id":"https:\/\/www.campodicarlo.it\/de\/fahrradtourismus\/","url":"https:\/\/www.campodicarlo.it\/de\/fahrradtourismus\/","name":"Fahrradtourismus - Campo di Carlo","isPartOf":{"@id":"https:\/\/www.campodicarlo.it\/de\/#website"},"datePublished":"2015-10-22T07:20:39+00:00","dateModified":"2019-11-12T07:19:13+00:00","breadcrumb":{"@id":"https:\/\/www.campodicarlo.it\/de\/fahrradtourismus\/#breadcrumb"},"inLanguage":"de","potentialAction":[{"@type":"ReadAction","target":["https:\/\/www.campodicarlo.it\/de\/fahrradtourismus\/"]}]},{"@type":"BreadcrumbList","@id":"https:\/\/www.campodicarlo.it\/de\/fahrradtourismus\/#breadcrumb","itemListElement":[{"@type":"ListItem","position":1,"name":"Home","item":"https:\/\/www.campodicarlo.it\/de\/"},{"@type":"ListItem","position":2,"name":"Fahrradtourismus"}]},{"@type":"WebSite","@id":"https:\/\/www.campodicarlo.it\/de\/#website","url":"https:\/\/www.campodicarlo.it\/de\/","name":"Campo di Carlo","description":"","potentialAction":[{"@type":"SearchAction","target":{"@type":"EntryPoint","urlTemplate":"https:\/\/www.campodicarlo.it\/de\/?s={search_term_string}"},"query-input":"required name=search_term_string"}],"inLanguage":"de"}]}},"_links":{"self":[{"href":"https:\/\/www.campodicarlo.it\/de\/wp-json\/wp\/v2\/pages\/2067"}],"collection":[{"href":"https:\/\/www.campodicarlo.it\/de\/wp-json\/wp\/v2\/pages"}],"about":[{"href":"https:\/\/www.campodicarlo.it\/de\/wp-json\/wp\/v2\/types\/page"}],"author":[{"embeddable":true,"href":"https:\/\/www.campodicarlo.it\/de\/wp-json\/wp\/v2\/users\/1"}],"replies":[{"embeddable":true,"href":"https:\/\/www.campodicarlo.it\/de\/wp-json\/wp\/v2\/comments?post=2067"}],"version-history":[{"count":0,"href":"https:\/\/www.campodicarlo.it\/de\/wp-json\/wp\/v2\/pages\/2067\/revisions"}],"wp:attachment":[{"href":"https:\/\/www.campodicarlo.it\/de\/wp-json\/wp\/v2\/media?parent=2067"}],"curies":[{"name":"wp","href":"https:\/\/api.w.org\/{rel}","templated":true}]}}