{"id":1868,"date":"2015-10-14T12:30:59","date_gmt":"2015-10-14T10:30:59","guid":{"rendered":"http:\/\/www.campodicarlo.it\/?page_id=1868"},"modified":"2015-10-28T11:59:13","modified_gmt":"2015-10-28T10:59:13","slug":"guestbook-3","status":"publish","type":"page","link":"https:\/\/www.campodicarlo.it\/en\/guestbook-3\/","title":{"rendered":"Guestbook"},"content":{"rendered":"<h1>Guestbook<\/h1>\n<p>Enter a comment, a greeting or a review<\/p>\n<p>&nbsp;<\/p>\n<div class=\"gwolle-gb\"><div class=\"gwolle_gb_messages_top_container\"><\/div>\n\t\t\t<div class=\"gwolle-gb-write\">\n\t\t\t\t<h3>Log in to post an entry<\/h3><form name=\"loginform\" id=\"loginform\" action=\"https:\/\/www.campodicarlo.it\/wp-login.php\" method=\"post\"><p class=\"login-username\">\n\t\t\t\t<label for=\"user_login\">Username or Email Address<\/label>\n\t\t\t\t<input type=\"text\" name=\"log\" id=\"user_login\" autocomplete=\"username\" class=\"input\" value=\"\" size=\"20\" \/>\n\t\t\t<\/p><p class=\"login-password\">\n\t\t\t\t<label for=\"user_pass\">Password<\/label>\n\t\t\t\t<input type=\"password\" name=\"pwd\" id=\"user_pass\" autocomplete=\"current-password\" class=\"input\" value=\"\" size=\"20\" \/>\n\t\t\t<\/p><p class=\"login-remember\"><label><input name=\"rememberme\" type=\"checkbox\" id=\"rememberme\" value=\"forever\" \/> Remember Me<\/label><\/p><p class=\"login-submit\">\n\t\t\t\t<input type=\"submit\" name=\"wp-submit\" id=\"wp-submit\" class=\"button button-primary\" value=\"Log In\" \/>\n\t\t\t\t<input type=\"hidden\" name=\"redirect_to\" value=\"https:\/\/www.campodicarlo.it\/en\/wp-json\/wp\/v2\/pages\/1868\" \/>\n\t\t\t<\/p><\/form><\/div><div class=\"gwolle-gb-read \" data-book_id=\"1\"><div id=\"gwolle-gb-total\">2 entries.<\/div><!-- Gwolle-GB Entry: Default Template Loaded -->\n\t\t\t\t<div class=\"gb-entry gb-entry_2 gb-entry-count_1 gwolle_gb_uneven gwolle-gb-uneven gwolle_gb_first gwolle-gb-first\">\n\t\t\t\t<article>\n\t\t\t\t\t<div class=\"gb-author-info\">\n\t\t\t\t\t\t<span class=\"gb-author-name\"><a href=\"http:\/\/www.campodicarlo.it\" target=\"_blank\" rel=\"nofollow noopener noreferrer\"\n\t\t\t\t\t\t\ttitle=\"Visit the website of campodicarlo: http:\/\/www.campodicarlo.it\"><i class=\"gb-moderator\">campodicarlo<\/i><\/a>\n\t\t\t\t\t\t<\/span>\n\t\t\t\t\t\t<span class=\"gb-datetime\">\n\t\t\t\t\t\t\t<span class=\"gb-date\"> wrote on 28 October 2015<\/span><span class=\"gb-time\"> at 12:00<\/span>:\n\t\t\t\t\t\t<\/span> \n\t\t\t\t\t<\/div>\n\t\t\t\t\t<div class=\"gb-entry-content\">Un piccolo angolo di paradiso: tranquillo, silenzioso, accogliente, pulito... \r\n\r\n\r\n Ideale per una pausa di assoluto relax!\n\t\t\t\t\t<\/div>\n\t\t\t\t<\/article>\n\t\t\t<\/div>\n\t\t\t<div class=\"gb-entry gb-entry_1 gb-entry-count_2 gwolle_gb_even gwolle-gb-even\">\n\t\t\t\t<article>\n\t\t\t\t\t<div class=\"gb-author-info\">\n\t\t\t\t\t\t<span class=\"gb-author-name\"><a href=\"http:\/\/www.campodicarlo.it\" target=\"_blank\" rel=\"nofollow noopener noreferrer\"\n\t\t\t\t\t\t\ttitle=\"Visit the website of campodicarlo: http:\/\/www.campodicarlo.it\"><i class=\"gb-moderator\">campodicarlo<\/i><\/a>\n\t\t\t\t\t\t<\/span>\n\t\t\t\t\t\t<span class=\"gb-datetime\">\n\t\t\t\t\t\t\t<span class=\"gb-date\"> wrote on 28 October 2015<\/span><span class=\"gb-time\"> at 12:00<\/span>:\n\t\t\t\t\t\t<\/span> \n\t\t\t\t\t<\/div>\n\t\t\t\t\t<div class=\"gb-entry-content\">Ottima soluzione per chi vuole riposare e trovare un ambiente accogliente e familiare. Cristina e Andrea fanno di tutto per accogliere e mettere a proprio agio gli ospiti. La residenza si trova in una posizione immersa nel bosco dove la pace \u00e8 assoluta; da qui chi vuole pu\u00f2 raggiungere il mare in mezz&#039;ora o altre localit\u00e0 della Toscana a proprio piacimento in un tempo ragionevole... ma il piu&#039; delle volte la quiete \u00e8 cos\u00ec piacevole che non si ha molta voglia di immettersi nel caos del traffico. Soluzione consigliata sia a coppie che a famiglie...\n\t\t\t\t\t<\/div>\n\t\t\t\t<\/article>\n\t\t\t<\/div>\n\t\t\t<\/div><\/div>\n","protected":false},"excerpt":{"rendered":"<p>Guestbook Enter a comment, a greeting or a review &nbsp;<\/p>\n","protected":false},"author":1,"featured_media":0,"parent":0,"menu_order":0,"comment_status":"closed","ping_status":"closed","template":"","meta":{"_expiration-date-status":"","_expiration-date":0,"_expiration-date-type":"","_expiration-date-categories":[],"_expiration-date-options":[]},"yoast_head":"<!-- This site is optimized with the Yoast SEO plugin v19.9 - https:\/\/yoast.com\/wordpress\/plugins\/seo\/ -->\n<title>Guestbook - Campo di Carlo<\/title>\n<meta name=\"robots\" content=\"index, follow, max-snippet:-1, max-image-preview:large, max-video-preview:-1\" \/>\n<link rel=\"canonical\" href=\"https:\/\/www.campodicarlo.it\/en\/guestbook-3\/\" \/>\n<meta property=\"og:locale\" content=\"en_US\" \/>\n<meta property=\"og:type\" content=\"article\" \/>\n<meta property=\"og:title\" content=\"Guestbook - Campo di Carlo\" \/>\n<meta property=\"og:description\" content=\"Guestbook Enter a comment, a greeting or a review &nbsp;\" \/>\n<meta property=\"og:url\" content=\"https:\/\/www.campodicarlo.it\/en\/guestbook-3\/\" \/>\n<meta property=\"og:site_name\" content=\"Campo di Carlo\" \/>\n<meta property=\"article:publisher\" content=\"https:\/\/www.facebook.com\/cristina.c.carlo\/\" \/>\n<meta property=\"article:modified_time\" content=\"2015-10-28T10:59:13+00:00\" \/>\n<meta name=\"twitter:card\" content=\"summary_large_image\" \/>\n<script type=\"application\/ld+json\" class=\"yoast-schema-graph\">{\"@context\":\"https:\/\/schema.org\",\"@graph\":[{\"@type\":\"WebPage\",\"@id\":\"https:\/\/www.campodicarlo.it\/en\/guestbook-3\/\",\"url\":\"https:\/\/www.campodicarlo.it\/en\/guestbook-3\/\",\"name\":\"Guestbook - Campo di Carlo\",\"isPartOf\":{\"@id\":\"https:\/\/www.campodicarlo.it\/de\/#website\"},\"datePublished\":\"2015-10-14T10:30:59+00:00\",\"dateModified\":\"2015-10-28T10:59:13+00:00\",\"breadcrumb\":{\"@id\":\"https:\/\/www.campodicarlo.it\/en\/guestbook-3\/#breadcrumb\"},\"inLanguage\":\"en-US\",\"potentialAction\":[{\"@type\":\"ReadAction\",\"target\":[\"https:\/\/www.campodicarlo.it\/en\/guestbook-3\/\"]}]},{\"@type\":\"BreadcrumbList\",\"@id\":\"https:\/\/www.campodicarlo.it\/en\/guestbook-3\/#breadcrumb\",\"itemListElement\":[{\"@type\":\"ListItem\",\"position\":1,\"name\":\"Home\",\"item\":\"https:\/\/www.campodicarlo.it\/en\/\"},{\"@type\":\"ListItem\",\"position\":2,\"name\":\"Guestbook\"}]},{\"@type\":\"WebSite\",\"@id\":\"https:\/\/www.campodicarlo.it\/de\/#website\",\"url\":\"https:\/\/www.campodicarlo.it\/de\/\",\"name\":\"Campo di Carlo\",\"description\":\"\",\"potentialAction\":[{\"@type\":\"SearchAction\",\"target\":{\"@type\":\"EntryPoint\",\"urlTemplate\":\"https:\/\/www.campodicarlo.it\/de\/?s={search_term_string}\"},\"query-input\":\"required name=search_term_string\"}],\"inLanguage\":\"en-US\"}]}<\/script>\n<!-- \/ Yoast SEO plugin. -->","yoast_head_json":{"title":"Guestbook - Campo di Carlo","robots":{"index":"index","follow":"follow","max-snippet":"max-snippet:-1","max-image-preview":"max-image-preview:large","max-video-preview":"max-video-preview:-1"},"canonical":"https:\/\/www.campodicarlo.it\/en\/guestbook-3\/","og_locale":"en_US","og_type":"article","og_title":"Guestbook - Campo di Carlo","og_description":"Guestbook Enter a comment, a greeting or a review &nbsp;","og_url":"https:\/\/www.campodicarlo.it\/en\/guestbook-3\/","og_site_name":"Campo di Carlo","article_publisher":"https:\/\/www.facebook.com\/cristina.c.carlo\/","article_modified_time":"2015-10-28T10:59:13+00:00","twitter_card":"summary_large_image","schema":{"@context":"https:\/\/schema.org","@graph":[{"@type":"WebPage","@id":"https:\/\/www.campodicarlo.it\/en\/guestbook-3\/","url":"https:\/\/www.campodicarlo.it\/en\/guestbook-3\/","name":"Guestbook - Campo di Carlo","isPartOf":{"@id":"https:\/\/www.campodicarlo.it\/de\/#website"},"datePublished":"2015-10-14T10:30:59+00:00","dateModified":"2015-10-28T10:59:13+00:00","breadcrumb":{"@id":"https:\/\/www.campodicarlo.it\/en\/guestbook-3\/#breadcrumb"},"inLanguage":"en-US","potentialAction":[{"@type":"ReadAction","target":["https:\/\/www.campodicarlo.it\/en\/guestbook-3\/"]}]},{"@type":"BreadcrumbList","@id":"https:\/\/www.campodicarlo.it\/en\/guestbook-3\/#breadcrumb","itemListElement":[{"@type":"ListItem","position":1,"name":"Home","item":"https:\/\/www.campodicarlo.it\/en\/"},{"@type":"ListItem","position":2,"name":"Guestbook"}]},{"@type":"WebSite","@id":"https:\/\/www.campodicarlo.it\/de\/#website","url":"https:\/\/www.campodicarlo.it\/de\/","name":"Campo di Carlo","description":"","potentialAction":[{"@type":"SearchAction","target":{"@type":"EntryPoint","urlTemplate":"https:\/\/www.campodicarlo.it\/de\/?s={search_term_string}"},"query-input":"required name=search_term_string"}],"inLanguage":"en-US"}]}},"_links":{"self":[{"href":"https:\/\/www.campodicarlo.it\/en\/wp-json\/wp\/v2\/pages\/1868"}],"collection":[{"href":"https:\/\/www.campodicarlo.it\/en\/wp-json\/wp\/v2\/pages"}],"about":[{"href":"https:\/\/www.campodicarlo.it\/en\/wp-json\/wp\/v2\/types\/page"}],"author":[{"embeddable":true,"href":"https:\/\/www.campodicarlo.it\/en\/wp-json\/wp\/v2\/users\/1"}],"replies":[{"embeddable":true,"href":"https:\/\/www.campodicarlo.it\/en\/wp-json\/wp\/v2\/comments?post=1868"}],"version-history":[{"count":0,"href":"https:\/\/www.campodicarlo.it\/en\/wp-json\/wp\/v2\/pages\/1868\/revisions"}],"wp:attachment":[{"href":"https:\/\/www.campodicarlo.it\/en\/wp-json\/wp\/v2\/media?parent=1868"}],"curies":[{"name":"wp","href":"https:\/\/api.w.org\/{rel}","templated":true}]}}